{"id":1870,"date":"2022-11-24T20:53:23","date_gmt":"2022-11-24T19:53:23","guid":{"rendered":"https:\/\/dev.blz-company.ch\/bedingung-fuer-das-mieten-eines-zapfhahns\/"},"modified":"2026-03-12T09:02:17","modified_gmt":"2026-03-12T08:02:17","slug":"bedingung-fuer-das-mieten-eines-zapfhahns","status":"publish","type":"page","link":"https:\/\/www.blz-company.ch\/de\/bedingung-fuer-das-mieten-eines-zapfhahns\/","title":{"rendered":"Bedingungen f\u00fcr die Zapfanlagen Miete"},"content":{"rendered":"\t\t<div data-elementor-type=\"wp-page\" data-elementor-id=\"1870\" class=\"elementor elementor-1870 elementor-1733\" data-elementor-post-type=\"page\">\n\t\t\t\t\t\t<section class=\"elementor-section elementor-top-section elementor-element elementor-element-4f26729 elementor-section-boxed elementor-section-height-default elementor-section-height-default\" data-id=\"4f26729\" data-element_type=\"section\" data-e-type=\"section\">\n\t\t\t\t\t\t<div class=\"elementor-container elementor-column-gap-default\">\n\t\t\t\t\t<div class=\"elementor-column elementor-col-100 elementor-top-column elementor-element elementor-element-c506beb\" data-id=\"c506beb\" data-element_type=\"column\" data-e-type=\"column\">\n\t\t\t<div class=\"elementor-widget-wrap elementor-element-populated\">\n\t\t\t\t\t\t<div class=\"elementor-element elementor-element-3bc147d elementor-widget elementor-widget-text-editor\" data-id=\"3bc147d\" data-element_type=\"widget\" data-e-type=\"widget\" data-widget_type=\"text-editor.default\">\n\t\t\t\t<div class=\"elementor-widget-container\">\n\t\t\t\t\t\t\t\t\t<h2>Special-Angebot \u2013 Zapfanlagen-Verleih<\/h2><p><b>Reservier deine Zapfanlage f\u00fcr deine Veranstaltung und der Verleih sowie das Gas sind ab 2 F\u00e4ssern kostenlos.<\/b><\/p><p>Das Angebot gilt f\u00fcr <b>Reservierungen bis zum 31. Mai<\/b>.<\/p><p>Die Installation ist <b>einfach und schnell<\/b>: Eine <b>Gebrauchsanweisung wird<\/b> mit der Zapfanlage mitgeliefert und wir stehen dir nat\u00fcrlich f\u00fcr alle Fragen zur Verf\u00fcgung.<\/p><h2>Zapfanlagen<\/h2><p><strong>Zapfanlage mit 1 Zapfhahn: CHF 40.\u2013 inkl. MwSt.<\/strong><\/p><p><strong>Zapfanlage mit 2 Zapfh\u00e4hnen: CHF 50.\u2013 inkl. MwSt.<\/strong><\/p><p><strong>CO\u2082: CHF 5.\u2013 inkl. MwSt. \/ Fass<\/strong><\/p><p>\u27a1\ufe0f <b>Ab einem Verbrauch von 2 F\u00e4ssern: Die Miete f\u00fcr die Zapfanlage und das Gas sind gratis.<\/b><\/p><p>\u27a1\ufe0f <b>Wenn weniger als 2 F\u00e4sser verbraucht werden, werden die Miete f\u00fcr den Zapfhahn und das Gas zu den oben genannten Preisen berechnet.<\/b><\/p><p>Die <b>\u00fcbrigen Preise und Bedingungen bleiben unver\u00e4ndert<\/b>.<\/p><p>Mit dem <b>Zapfhahn mit 2 Ausl\u00e4ufen k\u00f6nnen zwei Biersorten gleichzeitig gezapft werden<\/b>.<\/p><h2>Abholung und R\u00fcckgabe der Ausr\u00fcstung<\/h2><p>Der <b>Zapfhahn und die F\u00e4sser m\u00fcssen in der Brauerei abgeholt werden<\/b>.<\/p><p>Abholung m\u00f6glich <b>ab Donnerstag 13:00 Uhr<\/b><\/p><p>R\u00fcckgabe <b>sp\u00e4testens Dienstag 17:00 Uhr<\/b><\/p><p>Bei Versp\u00e4tung werden <b>CHF 10.\u2013 \/ Tag<\/b> berechnet.<\/p><h2>Abrechnung der F\u00e4sser<\/h2><p><b>Es werden nur angezapfte F\u00e4sser berechnet<\/b>, sofern sie <b>k\u00fchl (&lt;20 \u00b0C) und vor Sonnenlicht gesch\u00fctzt gelagert<\/b> wurden.<\/p><p>Die Bezahlung erfolgt bei R\u00fcckgabe der Zapfanlage und der F\u00e4sser.<\/p><p>Eine <b>Anmietung der Zapfanlage ist erst nach endg\u00fcltiger Best\u00e4tigung durch die Brauerei<\/b> g\u00fcltig.<\/p><h2>Preise f\u00fcr F\u00e4sser<\/h2><ul><li><b>BLZ Lager, helles Bier, 20 l: CHF 4,90\/Liter<\/b><\/li><li><b>Orviner Weisse, Weissbier, 20 l: CHF 5,80\/Liter<\/b><\/li><li><b>West Coast Ale, American Pale Ale, 20 l: CHF 7,10\/Liter<\/b><\/li><li><b>Mosaic IPA, India Pale Ale, 20 l: CHF 7,70\/Liter<\/b><\/li><\/ul><p><b>Andere Sorten auf Anfrage<\/b><\/p><h2>Becher<\/h2><p>Die Brauerei hat <b>bis zu 200 wiederverwendbare Becher<\/b>:<\/p><ul><li><b>CHF 0,30 ohne MwSt. \/ zu reinigender Becher<\/b><\/li><li><b>CHF 2 ohne MwSt. \/ verlorener oder zerbrochener Becher<\/b><\/li><\/ul><p>F\u00fcr <b>gr\u00f6ssere Mengen<\/b> wende dich bitte an einen <b>auf die Vermietung von Bechern spezialisierten Anbieter<\/b>.<\/p>\t\t\t\t\t\t\t\t<\/div>\n\t\t\t\t<\/div>\n\t\t\t\t<div class=\"elementor-element elementor-element-2de7944 elementor-widget elementor-widget-spacer\" data-id=\"2de7944\" data-element_type=\"widget\" data-e-type=\"widget\" data-widget_type=\"spacer.default\">\n\t\t\t\t<div class=\"elementor-widget-container\">\n\t\t\t\t\t\t\t<div class=\"elementor-spacer\">\n\t\t\t<div class=\"elementor-spacer-inner\"><\/div>\n\t\t<\/div>\n\t\t\t\t\t\t<\/div>\n\t\t\t\t<\/div>\n\t\t\t\t<div class=\"elementor-element elementor-element-f341bb8 elementor-widget elementor-widget-spacer\" data-id=\"f341bb8\" data-element_type=\"widget\" data-e-type=\"widget\" data-widget_type=\"spacer.default\">\n\t\t\t\t<div class=\"elementor-widget-container\">\n\t\t\t\t\t\t\t<div class=\"elementor-spacer\">\n\t\t\t<div class=\"elementor-spacer-inner\"><\/div>\n\t\t<\/div>\n\t\t\t\t\t\t<\/div>\n\t\t\t\t<\/div>\n\t\t\t\t\t<\/div>\n\t\t<\/div>\n\t\t\t\t\t<\/div>\n\t\t<\/section>\n\t\t\t\t<\/div>\n\t\t","protected":false},"excerpt":{"rendered":"<p>Special-Angebot \u2013 Zapfanlagen-Verleih Reservier deine Zapfanlage f\u00fcr deine Veranstaltung und der Verleih sowie das Gas sind ab 2 F\u00e4ssern kostenlos. Das Angebot gilt f\u00fcr Reservierungen bis zum 31. Mai. Die Installation ist einfach und schnell: Eine Gebrauchsanweisung wird mit der Zapfanlage mitgeliefert und wir stehen dir nat\u00fcrlich f\u00fcr alle Fragen zur Verf\u00fcgung. Zapfanlagen Zapfanlage mit [&hellip;]<\/p>\n","protected":false},"author":1,"featured_media":0,"parent":0,"menu_order":0,"comment_status":"closed","ping_status":"closed","template":"","meta":{"_acf_changed":false,"footnotes":""},"class_list":["post-1870","page","type-page","status-publish","hentry"],"acf":[],"yoast_head":"<!-- This site is optimized with the Yoast SEO plugin v27.3 - https:\/\/yoast.com\/product\/yoast-seo-wordpress\/ -->\n<title>Bedingungen f\u00fcr die Zapfanlagen Miete - blz-company.ch \u2013 Brasserie BLZ-Company<\/title>\n<meta name=\"robots\" content=\"index, follow, max-snippet:-1, max-image-preview:large, max-video-preview:-1\" \/>\n<link rel=\"canonical\" href=\"https:\/\/www.blz-company.ch\/tarifs-et-conditions-pour-les-tireuses\/\" \/>\n<meta property=\"og:locale\" content=\"de_DE\" \/>\n<meta property=\"og:type\" content=\"article\" \/>\n<meta property=\"og:title\" content=\"Bedingungen f\u00fcr die Zapfanlagen Miete - blz-company.ch \u2013 Brasserie BLZ-Company\" \/>\n<meta property=\"og:description\" content=\"Special-Angebot \u2013 Zapfanlagen-Verleih Reservier deine Zapfanlage f\u00fcr deine Veranstaltung und der Verleih sowie das Gas sind ab 2 F\u00e4ssern kostenlos. Das Angebot gilt f\u00fcr Reservierungen bis zum 31. Mai. Die Installation ist einfach und schnell: Eine Gebrauchsanweisung wird mit der Zapfanlage mitgeliefert und wir stehen dir nat\u00fcrlich f\u00fcr alle Fragen zur Verf\u00fcgung. Zapfanlagen Zapfanlage mit [&hellip;]\" \/>\n<meta property=\"og:url\" content=\"https:\/\/www.blz-company.ch\/tarifs-et-conditions-pour-les-tireuses\/\" \/>\n<meta property=\"og:site_name\" content=\"blz-company.ch \u2013 Brasserie BLZ-Company\" \/>\n<meta property=\"article:publisher\" content=\"https:\/\/www.facebook.com\/blzcompany\" \/>\n<meta property=\"article:modified_time\" content=\"2026-03-12T08:02:17+00:00\" \/>\n<meta name=\"twitter:card\" content=\"summary_large_image\" \/>\n<meta name=\"twitter:label1\" content=\"Gesch\u00e4tzte Lesezeit\" \/>\n\t<meta name=\"twitter:data1\" content=\"2\u00a0Minuten\" \/>\n<script type=\"application\/ld+json\" class=\"yoast-schema-graph\">{\"@context\":\"https:\\\/\\\/schema.org\",\"@graph\":[{\"@type\":\"WebPage\",\"@id\":\"https:\\\/\\\/www.blz-company.ch\\\/tarifs-et-conditions-pour-les-tireuses\\\/\",\"url\":\"https:\\\/\\\/www.blz-company.ch\\\/tarifs-et-conditions-pour-les-tireuses\\\/\",\"name\":\"Bedingungen f\u00fcr die Zapfanlagen Miete - blz-company.ch \u2013 Brasserie BLZ-Company\",\"isPartOf\":{\"@id\":\"https:\\\/\\\/www.blz-company.ch\\\/#website\"},\"datePublished\":\"2022-11-24T19:53:23+00:00\",\"dateModified\":\"2026-03-12T08:02:17+00:00\",\"breadcrumb\":{\"@id\":\"https:\\\/\\\/www.blz-company.ch\\\/tarifs-et-conditions-pour-les-tireuses\\\/#breadcrumb\"},\"inLanguage\":\"de\",\"potentialAction\":[{\"@type\":\"ReadAction\",\"target\":[\"https:\\\/\\\/www.blz-company.ch\\\/tarifs-et-conditions-pour-les-tireuses\\\/\"]}]},{\"@type\":\"BreadcrumbList\",\"@id\":\"https:\\\/\\\/www.blz-company.ch\\\/tarifs-et-conditions-pour-les-tireuses\\\/#breadcrumb\",\"itemListElement\":[{\"@type\":\"ListItem\",\"position\":1,\"name\":\"Accueil\",\"item\":\"https:\\\/\\\/www.blz-company.ch\\\/\"},{\"@type\":\"ListItem\",\"position\":2,\"name\":\"Bedingungen f\u00fcr die Zapfanlagen Miete\"}]},{\"@type\":\"WebSite\",\"@id\":\"https:\\\/\\\/www.blz-company.ch\\\/#website\",\"url\":\"https:\\\/\\\/www.blz-company.ch\\\/\",\"name\":\"blz-company.ch \u2013 Brasserie BLZ-Company\",\"description\":\"\",\"publisher\":{\"@id\":\"https:\\\/\\\/www.blz-company.ch\\\/#organization\"},\"potentialAction\":[{\"@type\":\"SearchAction\",\"target\":{\"@type\":\"EntryPoint\",\"urlTemplate\":\"https:\\\/\\\/www.blz-company.ch\\\/?s={search_term_string}\"},\"query-input\":{\"@type\":\"PropertyValueSpecification\",\"valueRequired\":true,\"valueName\":\"search_term_string\"}}],\"inLanguage\":\"de\"},{\"@type\":\"Organization\",\"@id\":\"https:\\\/\\\/www.blz-company.ch\\\/#organization\",\"name\":\"blz-company.ch \u2013 Brasserie BLZ-Company\",\"url\":\"https:\\\/\\\/www.blz-company.ch\\\/\",\"logo\":{\"@type\":\"ImageObject\",\"inLanguage\":\"de\",\"@id\":\"https:\\\/\\\/www.blz-company.ch\\\/#\\\/schema\\\/logo\\\/image\\\/\",\"url\":\"https:\\\/\\\/www.blz-company.ch\\\/wp-content\\\/uploads\\\/2022\\\/10\\\/cropped-BLZ-LOGO.png\",\"contentUrl\":\"https:\\\/\\\/www.blz-company.ch\\\/wp-content\\\/uploads\\\/2022\\\/10\\\/cropped-BLZ-LOGO.png\",\"width\":1500,\"height\":1295,\"caption\":\"blz-company.ch \u2013 Brasserie BLZ-Company\"},\"image\":{\"@id\":\"https:\\\/\\\/www.blz-company.ch\\\/#\\\/schema\\\/logo\\\/image\\\/\"},\"sameAs\":[\"https:\\\/\\\/www.facebook.com\\\/blzcompany\",\"https:\\\/\\\/www.instagram.com\\\/blz_company\\\/\"]}]}<\/script>\n<!-- \/ Yoast SEO plugin. -->","yoast_head_json":{"title":"Bedingungen f\u00fcr die Zapfanlagen Miete - blz-company.ch \u2013 Brasserie BLZ-Company","robots":{"index":"index","follow":"follow","max-snippet":"max-snippet:-1","max-image-preview":"max-image-preview:large","max-video-preview":"max-video-preview:-1"},"canonical":"https:\/\/www.blz-company.ch\/tarifs-et-conditions-pour-les-tireuses\/","og_locale":"de_DE","og_type":"article","og_title":"Bedingungen f\u00fcr die Zapfanlagen Miete - blz-company.ch \u2013 Brasserie BLZ-Company","og_description":"Special-Angebot \u2013 Zapfanlagen-Verleih Reservier deine Zapfanlage f\u00fcr deine Veranstaltung und der Verleih sowie das Gas sind ab 2 F\u00e4ssern kostenlos. Das Angebot gilt f\u00fcr Reservierungen bis zum 31. Mai. Die Installation ist einfach und schnell: Eine Gebrauchsanweisung wird mit der Zapfanlage mitgeliefert und wir stehen dir nat\u00fcrlich f\u00fcr alle Fragen zur Verf\u00fcgung. Zapfanlagen Zapfanlage mit [&hellip;]","og_url":"https:\/\/www.blz-company.ch\/tarifs-et-conditions-pour-les-tireuses\/","og_site_name":"blz-company.ch \u2013 Brasserie BLZ-Company","article_publisher":"https:\/\/www.facebook.com\/blzcompany","article_modified_time":"2026-03-12T08:02:17+00:00","twitter_card":"summary_large_image","twitter_misc":{"Gesch\u00e4tzte Lesezeit":"2\u00a0Minuten"},"schema":{"@context":"https:\/\/schema.org","@graph":[{"@type":"WebPage","@id":"https:\/\/www.blz-company.ch\/tarifs-et-conditions-pour-les-tireuses\/","url":"https:\/\/www.blz-company.ch\/tarifs-et-conditions-pour-les-tireuses\/","name":"Bedingungen f\u00fcr die Zapfanlagen Miete - blz-company.ch \u2013 Brasserie BLZ-Company","isPartOf":{"@id":"https:\/\/www.blz-company.ch\/#website"},"datePublished":"2022-11-24T19:53:23+00:00","dateModified":"2026-03-12T08:02:17+00:00","breadcrumb":{"@id":"https:\/\/www.blz-company.ch\/tarifs-et-conditions-pour-les-tireuses\/#breadcrumb"},"inLanguage":"de","potentialAction":[{"@type":"ReadAction","target":["https:\/\/www.blz-company.ch\/tarifs-et-conditions-pour-les-tireuses\/"]}]},{"@type":"BreadcrumbList","@id":"https:\/\/www.blz-company.ch\/tarifs-et-conditions-pour-les-tireuses\/#breadcrumb","itemListElement":[{"@type":"ListItem","position":1,"name":"Accueil","item":"https:\/\/www.blz-company.ch\/"},{"@type":"ListItem","position":2,"name":"Bedingungen f\u00fcr die Zapfanlagen Miete"}]},{"@type":"WebSite","@id":"https:\/\/www.blz-company.ch\/#website","url":"https:\/\/www.blz-company.ch\/","name":"blz-company.ch \u2013 Brasserie BLZ-Company","description":"","publisher":{"@id":"https:\/\/www.blz-company.ch\/#organization"},"potentialAction":[{"@type":"SearchAction","target":{"@type":"EntryPoint","urlTemplate":"https:\/\/www.blz-company.ch\/?s={search_term_string}"},"query-input":{"@type":"PropertyValueSpecification","valueRequired":true,"valueName":"search_term_string"}}],"inLanguage":"de"},{"@type":"Organization","@id":"https:\/\/www.blz-company.ch\/#organization","name":"blz-company.ch \u2013 Brasserie BLZ-Company","url":"https:\/\/www.blz-company.ch\/","logo":{"@type":"ImageObject","inLanguage":"de","@id":"https:\/\/www.blz-company.ch\/#\/schema\/logo\/image\/","url":"https:\/\/www.blz-company.ch\/wp-content\/uploads\/2022\/10\/cropped-BLZ-LOGO.png","contentUrl":"https:\/\/www.blz-company.ch\/wp-content\/uploads\/2022\/10\/cropped-BLZ-LOGO.png","width":1500,"height":1295,"caption":"blz-company.ch \u2013 Brasserie BLZ-Company"},"image":{"@id":"https:\/\/www.blz-company.ch\/#\/schema\/logo\/image\/"},"sameAs":["https:\/\/www.facebook.com\/blzcompany","https:\/\/www.instagram.com\/blz_company\/"]}]}},"_links":{"self":[{"href":"https:\/\/www.blz-company.ch\/de\/wp-json\/wp\/v2\/pages\/1870","targetHints":{"allow":["GET"]}}],"collection":[{"href":"https:\/\/www.blz-company.ch\/de\/wp-json\/wp\/v2\/pages"}],"about":[{"href":"https:\/\/www.blz-company.ch\/de\/wp-json\/wp\/v2\/types\/page"}],"author":[{"embeddable":true,"href":"https:\/\/www.blz-company.ch\/de\/wp-json\/wp\/v2\/users\/1"}],"replies":[{"embeddable":true,"href":"https:\/\/www.blz-company.ch\/de\/wp-json\/wp\/v2\/comments?post=1870"}],"version-history":[{"count":5,"href":"https:\/\/www.blz-company.ch\/de\/wp-json\/wp\/v2\/pages\/1870\/revisions"}],"predecessor-version":[{"id":3317,"href":"https:\/\/www.blz-company.ch\/de\/wp-json\/wp\/v2\/pages\/1870\/revisions\/3317"}],"wp:attachment":[{"href":"https:\/\/www.blz-company.ch\/de\/wp-json\/wp\/v2\/media?parent=1870"}],"curies":[{"name":"wp","href":"https:\/\/api.w.org\/{rel}","templated":true}]}}