{"id":1876,"date":"2022-10-27T22:35:38","date_gmt":"2022-10-27T20:35:38","guid":{"rendered":"https:\/\/dev.blz-company.ch\/besichtigungen-verkostungen\/"},"modified":"2025-01-09T16:17:59","modified_gmt":"2025-01-09T15:17:59","slug":"blz-tour","status":"publish","type":"page","link":"https:\/\/www.blz-company.ch\/de\/blz-tour\/","title":{"rendered":"BLZ-Tour"},"content":{"rendered":"\t\t<div data-elementor-type=\"wp-page\" data-elementor-id=\"1876\" class=\"elementor elementor-1876 elementor-1001\" data-elementor-post-type=\"page\">\n\t\t\t\t\t\t<section class=\"elementor-section elementor-top-section elementor-element elementor-element-a695c85 elementor-section-boxed elementor-section-height-default elementor-section-height-default\" data-id=\"a695c85\" data-element_type=\"section\" data-e-type=\"section\">\n\t\t\t\t\t\t<div class=\"elementor-container elementor-column-gap-default\">\n\t\t\t\t\t<div class=\"elementor-column elementor-col-100 elementor-top-column elementor-element elementor-element-71831ef\" data-id=\"71831ef\" data-element_type=\"column\" data-e-type=\"column\">\n\t\t\t<div class=\"elementor-widget-wrap elementor-element-populated\">\n\t\t\t\t\t\t<div class=\"elementor-element elementor-element-e4c0a4f elementor-widget elementor-widget-heading\" data-id=\"e4c0a4f\" data-element_type=\"widget\" data-e-type=\"widget\" data-widget_type=\"heading.default\">\n\t\t\t\t<div class=\"elementor-widget-container\">\n\t\t\t\t\t<h1 class=\"elementor-heading-title elementor-size-default\">BLZ-Tour<\/h1>\t\t\t\t<\/div>\n\t\t\t\t<\/div>\n\t\t\t\t\t<\/div>\n\t\t<\/div>\n\t\t\t\t\t<\/div>\n\t\t<\/section>\n\t\t\t\t<section class=\"elementor-section elementor-top-section elementor-element elementor-element-4b80c0f elementor-section-boxed elementor-section-height-default elementor-section-height-default\" data-id=\"4b80c0f\" data-element_type=\"section\" data-e-type=\"section\">\n\t\t\t\t\t\t<div class=\"elementor-container elementor-column-gap-default\">\n\t\t\t\t\t<div class=\"elementor-column elementor-col-50 elementor-top-column elementor-element elementor-element-44f97c7\" data-id=\"44f97c7\" data-element_type=\"column\" data-e-type=\"column\">\n\t\t\t<div class=\"elementor-widget-wrap elementor-element-populated\">\n\t\t\t\t\t\t<div class=\"elementor-element elementor-element-23263c4 elementor-widget elementor-widget-image\" data-id=\"23263c4\" data-element_type=\"widget\" data-e-type=\"widget\" data-widget_type=\"image.default\">\n\t\t\t\t<div class=\"elementor-widget-container\">\n\t\t\t\t\t\t\t\t\t\t\t\t\t\t\t<img fetchpriority=\"high\" decoding=\"async\" width=\"800\" height=\"1000\" src=\"https:\/\/www.blz-company.ch\/wp-content\/uploads\/2022\/11\/visite-degustation2-819x1024.jpg\" class=\"attachment-large size-large wp-image-1706\" alt=\"\" srcset=\"https:\/\/www.blz-company.ch\/wp-content\/uploads\/2022\/11\/visite-degustation2-819x1024.jpg 819w, https:\/\/www.blz-company.ch\/wp-content\/uploads\/2022\/11\/visite-degustation2-240x300.jpg 240w, https:\/\/www.blz-company.ch\/wp-content\/uploads\/2022\/11\/visite-degustation2-768x960.jpg 768w, https:\/\/www.blz-company.ch\/wp-content\/uploads\/2022\/11\/visite-degustation2-1229x1536.jpg 1229w, https:\/\/www.blz-company.ch\/wp-content\/uploads\/2022\/11\/visite-degustation2-1638x2048.jpg 1638w, https:\/\/www.blz-company.ch\/wp-content\/uploads\/2022\/11\/visite-degustation2-600x750.jpg 600w, https:\/\/www.blz-company.ch\/wp-content\/uploads\/2022\/11\/visite-degustation2-scaled.jpg 2048w\" sizes=\"(max-width: 800px) 100vw, 800px\" \/>\t\t\t\t\t\t\t\t\t\t\t\t\t\t\t<\/div>\n\t\t\t\t<\/div>\n\t\t\t\t\t<\/div>\n\t\t<\/div>\n\t\t\t\t<div class=\"elementor-column elementor-col-50 elementor-top-column elementor-element elementor-element-172dac7\" data-id=\"172dac7\" data-element_type=\"column\" data-e-type=\"column\">\n\t\t\t<div class=\"elementor-widget-wrap elementor-element-populated\">\n\t\t\t\t\t\t<div class=\"elementor-element elementor-element-e816007 elementor-widget__width-initial elementor-widget elementor-widget-text-editor\" data-id=\"e816007\" data-element_type=\"widget\" data-e-type=\"widget\" data-widget_type=\"text-editor.default\">\n\t\t\t\t<div class=\"elementor-widget-container\">\n\t\t\t\t\t\t\t\t\t<h4><strong>Unsere Formel<\/strong><\/h4>\r\nWissen Sie bereits, wie Bier gebraut wird?\r\nM\u00f6chten Sie mehr dar\u00fcber erfahren?\r\nSuchen Sie nach einer netten Aktivit\u00e4t, die Sie mit Freunden machen k\u00f6nnen?\r\nWir haben die L\u00f6sung f\u00fcr Sie: \u201eDer Besuch mit Verkostung\u201c.\r\nDas Programm und wie der Name schon sagt: Eine Besichtigung und eine Verkostung (ab 6 Personen) Ein Rundgang durch unsere R\u00e4umlichkeiten, joviale und didaktische Erkl\u00e4rungen des Brauprozesses und ein Aperitif, begleitet von einer Verkostung von 4 bis 6 Bieren sind die wichtigsten Etappen, die Sie w\u00e4hrend der zweist\u00fcndigen Tour erwarten.\r\nWas f\u00fcr ein Gl\u00fcck! Sie werden sich w\u00fcnschen, dass dieser Moment nie aufh\u00f6rt!\r\n<h4><strong>Option Fondue (auf Anfrage).<\/strong><\/h4>\r\nSie wollen noch mehr? Wir bringen Sie zu einer Metairie in der Region, wo Sie ein Bierfondue genie\u00dfen k\u00f6nnen, das in Zusammenarbeit mit der K\u00e4serei von Nods entwickelt wurde (Transport inbegriffen).\r\nAbwechslung ist garantiert.\r\n<h4><b>Bedingungen<\/b><\/h4>\r\nLeistungen auf Anfrage, ab 6 Personen, in Deutsch, Franz\u00f6sisch oder Englisch. F\u00fcr unentschuldigt abwesende Personen wird eine Geb\u00fchr von 7.\r\n<h4><b>Preis<\/b><\/h4>\r\nBesuch, Verkostung: 20.-\/Person\r\n\r\nBesichtigung, Verkostung + Fleisch-\/K\u00e4se-\/Brotplatte mit Bier : 25.-\/Person\t\t\t\t\t\t\t\t<\/div>\n\t\t\t\t<\/div>\n\t\t\t\t\t<\/div>\n\t\t<\/div>\n\t\t\t\t\t<\/div>\n\t\t<\/section>\n\t\t\t\t<section class=\"elementor-section elementor-top-section elementor-element elementor-element-12c04d0 elementor-section-boxed elementor-section-height-default elementor-section-height-default\" data-id=\"12c04d0\" data-element_type=\"section\" data-e-type=\"section\">\n\t\t\t\t\t\t<div class=\"elementor-container elementor-column-gap-default\">\n\t\t\t\t\t<div class=\"elementor-column elementor-col-100 elementor-top-column elementor-element elementor-element-447b2ec\" data-id=\"447b2ec\" data-element_type=\"column\" data-e-type=\"column\">\n\t\t\t<div class=\"elementor-widget-wrap elementor-element-populated\">\n\t\t\t\t\t\t<div class=\"elementor-element elementor-element-bc3edca elementor-align-center elementor-widget elementor-widget-button\" data-id=\"bc3edca\" data-element_type=\"widget\" data-e-type=\"widget\" data-widget_type=\"button.default\">\n\t\t\t\t<div class=\"elementor-widget-container\">\n\t\t\t\t\t\t\t\t\t<div class=\"elementor-button-wrapper\">\n\t\t\t\t\t<a class=\"elementor-button elementor-button-link elementor-size-sm\" href=\"#elementor-action%3Aaction%3Dpopup%3Aopen%26settings%3DeyJpZCI6MjU1MCwidG9nZ2xlIjpmYWxzZX0%3D\">\n\t\t\t\t\t\t<span class=\"elementor-button-content-wrapper\">\n\t\t\t\t\t\t\t\t\t<span class=\"elementor-button-text\">RESERVIERUNGSANTRAG<\/span>\n\t\t\t\t\t<\/span>\n\t\t\t\t\t<\/a>\n\t\t\t\t<\/div>\n\t\t\t\t\t\t\t\t<\/div>\n\t\t\t\t<\/div>\n\t\t\t\t\t<\/div>\n\t\t<\/div>\n\t\t\t\t\t<\/div>\n\t\t<\/section>\n\t\t\t\t<section class=\"elementor-section elementor-top-section elementor-element elementor-element-a9a36a5 elementor-section-boxed elementor-section-height-default elementor-section-height-default\" data-id=\"a9a36a5\" data-element_type=\"section\" data-e-type=\"section\" data-settings=\"{&quot;background_background&quot;:&quot;classic&quot;}\">\n\t\t\t\t\t\t<div class=\"elementor-container elementor-column-gap-default\">\n\t\t\t\t\t<div class=\"elementor-column elementor-col-100 elementor-top-column elementor-element elementor-element-c943957\" data-id=\"c943957\" data-element_type=\"column\" data-e-type=\"column\">\n\t\t\t<div class=\"elementor-widget-wrap elementor-element-populated\">\n\t\t\t\t\t\t<div class=\"elementor-element elementor-element-9054fca elementor-widget elementor-widget-spacer\" data-id=\"9054fca\" data-element_type=\"widget\" data-e-type=\"widget\" data-widget_type=\"spacer.default\">\n\t\t\t\t<div class=\"elementor-widget-container\">\n\t\t\t\t\t\t\t<div class=\"elementor-spacer\">\n\t\t\t<div class=\"elementor-spacer-inner\"><\/div>\n\t\t<\/div>\n\t\t\t\t\t\t<\/div>\n\t\t\t\t<\/div>\n\t\t\t\t\t<\/div>\n\t\t<\/div>\n\t\t\t\t\t<\/div>\n\t\t<\/section>\n\t\t\t\t<section class=\"elementor-section elementor-top-section elementor-element elementor-element-301a4c3 elementor-section-boxed elementor-section-height-default elementor-section-height-default\" data-id=\"301a4c3\" data-element_type=\"section\" data-e-type=\"section\">\n\t\t\t\t\t\t<div class=\"elementor-container elementor-column-gap-default\">\n\t\t\t\t\t<div class=\"elementor-column elementor-col-100 elementor-top-column elementor-element elementor-element-84e376d\" data-id=\"84e376d\" data-element_type=\"column\" data-e-type=\"column\">\n\t\t\t<div class=\"elementor-widget-wrap elementor-element-populated\">\n\t\t\t\t\t\t\t<\/div>\n\t\t<\/div>\n\t\t\t\t\t<\/div>\n\t\t<\/section>\n\t\t\t\t<\/div>\n\t\t","protected":false},"excerpt":{"rendered":"<p>Unsere Formel Wissen Sie bereits, wie Bier gebraut wird? M\u00f6chten Sie mehr dar\u00fcber erfahren? Suchen Sie nach einer netten Aktivit\u00e4t, die Sie mit Freunden machen k\u00f6nnen? Wir haben die L\u00f6sung f\u00fcr Sie: \u201eDer Besuch mit Verkostung\u201c. Das Programm und wie der Name schon sagt: Eine Besichtigung und eine Verkostung (ab 6 Personen) Ein Rundgang durch [&hellip;]<\/p>\n","protected":false},"author":1,"featured_media":0,"parent":0,"menu_order":0,"comment_status":"closed","ping_status":"closed","template":"","meta":{"_acf_changed":false,"footnotes":""},"class_list":["post-1876","page","type-page","status-publish","hentry"],"acf":[],"yoast_head":"<!-- This site is optimized with the Yoast SEO plugin v27.5 - https:\/\/yoast.com\/product\/yoast-seo-wordpress\/ -->\n<title>BLZ-Tour - blz-company.ch \u2013 Brasserie BLZ-Company<\/title>\n<meta name=\"robots\" content=\"index, follow, max-snippet:-1, max-image-preview:large, max-video-preview:-1\" \/>\n<link rel=\"canonical\" href=\"https:\/\/www.blz-company.ch\/blz-tour\/\" \/>\n<meta property=\"og:locale\" content=\"de_DE\" \/>\n<meta property=\"og:type\" content=\"article\" \/>\n<meta property=\"og:title\" content=\"BLZ-Tour - blz-company.ch \u2013 Brasserie BLZ-Company\" \/>\n<meta property=\"og:description\" content=\"Unsere Formel Wissen Sie bereits, wie Bier gebraut wird? M\u00f6chten Sie mehr dar\u00fcber erfahren? Suchen Sie nach einer netten Aktivit\u00e4t, die Sie mit Freunden machen k\u00f6nnen? Wir haben die L\u00f6sung f\u00fcr Sie: \u201eDer Besuch mit Verkostung\u201c. Das Programm und wie der Name schon sagt: Eine Besichtigung und eine Verkostung (ab 6 Personen) Ein Rundgang durch [&hellip;]\" \/>\n<meta property=\"og:url\" content=\"https:\/\/www.blz-company.ch\/blz-tour\/\" \/>\n<meta property=\"og:site_name\" content=\"blz-company.ch \u2013 Brasserie BLZ-Company\" \/>\n<meta property=\"article:publisher\" content=\"https:\/\/www.facebook.com\/blzcompany\" \/>\n<meta property=\"article:modified_time\" content=\"2025-01-09T15:17:59+00:00\" \/>\n<meta property=\"og:image\" content=\"https:\/\/www.blz-company.ch\/wp-content\/uploads\/2022\/11\/visite-degustation2-scaled.jpg\" \/>\n\t<meta property=\"og:image:width\" content=\"2048\" \/>\n\t<meta property=\"og:image:height\" content=\"2560\" \/>\n\t<meta property=\"og:image:type\" content=\"image\/jpeg\" \/>\n<meta name=\"twitter:card\" content=\"summary_large_image\" \/>\n<meta name=\"twitter:label1\" content=\"Gesch\u00e4tzte Lesezeit\" \/>\n\t<meta name=\"twitter:data1\" content=\"2\u00a0Minuten\" \/>\n<script type=\"application\/ld+json\" class=\"yoast-schema-graph\">{\"@context\":\"https:\\\/\\\/schema.org\",\"@graph\":[{\"@type\":\"WebPage\",\"@id\":\"https:\\\/\\\/www.blz-company.ch\\\/blz-tour\\\/\",\"url\":\"https:\\\/\\\/www.blz-company.ch\\\/blz-tour\\\/\",\"name\":\"BLZ-Tour - blz-company.ch \u2013 Brasserie BLZ-Company\",\"isPartOf\":{\"@id\":\"https:\\\/\\\/www.blz-company.ch\\\/#website\"},\"primaryImageOfPage\":{\"@id\":\"https:\\\/\\\/www.blz-company.ch\\\/blz-tour\\\/#primaryimage\"},\"image\":{\"@id\":\"https:\\\/\\\/www.blz-company.ch\\\/blz-tour\\\/#primaryimage\"},\"thumbnailUrl\":\"https:\\\/\\\/www.blz-company.ch\\\/wp-content\\\/uploads\\\/2022\\\/11\\\/visite-degustation2-819x1024.jpg\",\"datePublished\":\"2022-10-27T20:35:38+00:00\",\"dateModified\":\"2025-01-09T15:17:59+00:00\",\"breadcrumb\":{\"@id\":\"https:\\\/\\\/www.blz-company.ch\\\/blz-tour\\\/#breadcrumb\"},\"inLanguage\":\"de\",\"potentialAction\":[{\"@type\":\"ReadAction\",\"target\":[\"https:\\\/\\\/www.blz-company.ch\\\/blz-tour\\\/\"]}]},{\"@type\":\"ImageObject\",\"inLanguage\":\"de\",\"@id\":\"https:\\\/\\\/www.blz-company.ch\\\/blz-tour\\\/#primaryimage\",\"url\":\"https:\\\/\\\/www.blz-company.ch\\\/wp-content\\\/uploads\\\/2022\\\/11\\\/visite-degustation2-819x1024.jpg\",\"contentUrl\":\"https:\\\/\\\/www.blz-company.ch\\\/wp-content\\\/uploads\\\/2022\\\/11\\\/visite-degustation2-819x1024.jpg\"},{\"@type\":\"BreadcrumbList\",\"@id\":\"https:\\\/\\\/www.blz-company.ch\\\/blz-tour\\\/#breadcrumb\",\"itemListElement\":[{\"@type\":\"ListItem\",\"position\":1,\"name\":\"Accueil\",\"item\":\"https:\\\/\\\/www.blz-company.ch\\\/\"},{\"@type\":\"ListItem\",\"position\":2,\"name\":\"BLZ-Tour\"}]},{\"@type\":\"WebSite\",\"@id\":\"https:\\\/\\\/www.blz-company.ch\\\/#website\",\"url\":\"https:\\\/\\\/www.blz-company.ch\\\/\",\"name\":\"blz-company.ch \u2013 Brasserie BLZ-Company\",\"description\":\"\",\"publisher\":{\"@id\":\"https:\\\/\\\/www.blz-company.ch\\\/#organization\"},\"potentialAction\":[{\"@type\":\"SearchAction\",\"target\":{\"@type\":\"EntryPoint\",\"urlTemplate\":\"https:\\\/\\\/www.blz-company.ch\\\/?s={search_term_string}\"},\"query-input\":{\"@type\":\"PropertyValueSpecification\",\"valueRequired\":true,\"valueName\":\"search_term_string\"}}],\"inLanguage\":\"de\"},{\"@type\":\"Organization\",\"@id\":\"https:\\\/\\\/www.blz-company.ch\\\/#organization\",\"name\":\"blz-company.ch \u2013 Brasserie BLZ-Company\",\"url\":\"https:\\\/\\\/www.blz-company.ch\\\/\",\"logo\":{\"@type\":\"ImageObject\",\"inLanguage\":\"de\",\"@id\":\"https:\\\/\\\/www.blz-company.ch\\\/#\\\/schema\\\/logo\\\/image\\\/\",\"url\":\"https:\\\/\\\/www.blz-company.ch\\\/wp-content\\\/uploads\\\/2022\\\/10\\\/cropped-BLZ-LOGO.png\",\"contentUrl\":\"https:\\\/\\\/www.blz-company.ch\\\/wp-content\\\/uploads\\\/2022\\\/10\\\/cropped-BLZ-LOGO.png\",\"width\":1500,\"height\":1295,\"caption\":\"blz-company.ch \u2013 Brasserie BLZ-Company\"},\"image\":{\"@id\":\"https:\\\/\\\/www.blz-company.ch\\\/#\\\/schema\\\/logo\\\/image\\\/\"},\"sameAs\":[\"https:\\\/\\\/www.facebook.com\\\/blzcompany\",\"https:\\\/\\\/www.instagram.com\\\/blz_company\\\/\"]}]}<\/script>\n<!-- \/ Yoast SEO plugin. -->","yoast_head_json":{"title":"BLZ-Tour - blz-company.ch \u2013 Brasserie BLZ-Company","robots":{"index":"index","follow":"follow","max-snippet":"max-snippet:-1","max-image-preview":"max-image-preview:large","max-video-preview":"max-video-preview:-1"},"canonical":"https:\/\/www.blz-company.ch\/blz-tour\/","og_locale":"de_DE","og_type":"article","og_title":"BLZ-Tour - blz-company.ch \u2013 Brasserie BLZ-Company","og_description":"Unsere Formel Wissen Sie bereits, wie Bier gebraut wird? M\u00f6chten Sie mehr dar\u00fcber erfahren? Suchen Sie nach einer netten Aktivit\u00e4t, die Sie mit Freunden machen k\u00f6nnen? Wir haben die L\u00f6sung f\u00fcr Sie: \u201eDer Besuch mit Verkostung\u201c. Das Programm und wie der Name schon sagt: Eine Besichtigung und eine Verkostung (ab 6 Personen) Ein Rundgang durch [&hellip;]","og_url":"https:\/\/www.blz-company.ch\/blz-tour\/","og_site_name":"blz-company.ch \u2013 Brasserie BLZ-Company","article_publisher":"https:\/\/www.facebook.com\/blzcompany","article_modified_time":"2025-01-09T15:17:59+00:00","og_image":[{"width":2048,"height":2560,"url":"https:\/\/www.blz-company.ch\/wp-content\/uploads\/2022\/11\/visite-degustation2-scaled.jpg","type":"image\/jpeg"}],"twitter_card":"summary_large_image","twitter_misc":{"Gesch\u00e4tzte Lesezeit":"2\u00a0Minuten"},"schema":{"@context":"https:\/\/schema.org","@graph":[{"@type":"WebPage","@id":"https:\/\/www.blz-company.ch\/blz-tour\/","url":"https:\/\/www.blz-company.ch\/blz-tour\/","name":"BLZ-Tour - blz-company.ch \u2013 Brasserie BLZ-Company","isPartOf":{"@id":"https:\/\/www.blz-company.ch\/#website"},"primaryImageOfPage":{"@id":"https:\/\/www.blz-company.ch\/blz-tour\/#primaryimage"},"image":{"@id":"https:\/\/www.blz-company.ch\/blz-tour\/#primaryimage"},"thumbnailUrl":"https:\/\/www.blz-company.ch\/wp-content\/uploads\/2022\/11\/visite-degustation2-819x1024.jpg","datePublished":"2022-10-27T20:35:38+00:00","dateModified":"2025-01-09T15:17:59+00:00","breadcrumb":{"@id":"https:\/\/www.blz-company.ch\/blz-tour\/#breadcrumb"},"inLanguage":"de","potentialAction":[{"@type":"ReadAction","target":["https:\/\/www.blz-company.ch\/blz-tour\/"]}]},{"@type":"ImageObject","inLanguage":"de","@id":"https:\/\/www.blz-company.ch\/blz-tour\/#primaryimage","url":"https:\/\/www.blz-company.ch\/wp-content\/uploads\/2022\/11\/visite-degustation2-819x1024.jpg","contentUrl":"https:\/\/www.blz-company.ch\/wp-content\/uploads\/2022\/11\/visite-degustation2-819x1024.jpg"},{"@type":"BreadcrumbList","@id":"https:\/\/www.blz-company.ch\/blz-tour\/#breadcrumb","itemListElement":[{"@type":"ListItem","position":1,"name":"Accueil","item":"https:\/\/www.blz-company.ch\/"},{"@type":"ListItem","position":2,"name":"BLZ-Tour"}]},{"@type":"WebSite","@id":"https:\/\/www.blz-company.ch\/#website","url":"https:\/\/www.blz-company.ch\/","name":"blz-company.ch \u2013 Brasserie BLZ-Company","description":"","publisher":{"@id":"https:\/\/www.blz-company.ch\/#organization"},"potentialAction":[{"@type":"SearchAction","target":{"@type":"EntryPoint","urlTemplate":"https:\/\/www.blz-company.ch\/?s={search_term_string}"},"query-input":{"@type":"PropertyValueSpecification","valueRequired":true,"valueName":"search_term_string"}}],"inLanguage":"de"},{"@type":"Organization","@id":"https:\/\/www.blz-company.ch\/#organization","name":"blz-company.ch \u2013 Brasserie BLZ-Company","url":"https:\/\/www.blz-company.ch\/","logo":{"@type":"ImageObject","inLanguage":"de","@id":"https:\/\/www.blz-company.ch\/#\/schema\/logo\/image\/","url":"https:\/\/www.blz-company.ch\/wp-content\/uploads\/2022\/10\/cropped-BLZ-LOGO.png","contentUrl":"https:\/\/www.blz-company.ch\/wp-content\/uploads\/2022\/10\/cropped-BLZ-LOGO.png","width":1500,"height":1295,"caption":"blz-company.ch \u2013 Brasserie BLZ-Company"},"image":{"@id":"https:\/\/www.blz-company.ch\/#\/schema\/logo\/image\/"},"sameAs":["https:\/\/www.facebook.com\/blzcompany","https:\/\/www.instagram.com\/blz_company\/"]}]}},"_links":{"self":[{"href":"https:\/\/www.blz-company.ch\/de\/wp-json\/wp\/v2\/pages\/1876","targetHints":{"allow":["GET"]}}],"collection":[{"href":"https:\/\/www.blz-company.ch\/de\/wp-json\/wp\/v2\/pages"}],"about":[{"href":"https:\/\/www.blz-company.ch\/de\/wp-json\/wp\/v2\/types\/page"}],"author":[{"embeddable":true,"href":"https:\/\/www.blz-company.ch\/de\/wp-json\/wp\/v2\/users\/1"}],"replies":[{"embeddable":true,"href":"https:\/\/www.blz-company.ch\/de\/wp-json\/wp\/v2\/comments?post=1876"}],"version-history":[{"count":4,"href":"https:\/\/www.blz-company.ch\/de\/wp-json\/wp\/v2\/pages\/1876\/revisions"}],"predecessor-version":[{"id":3024,"href":"https:\/\/www.blz-company.ch\/de\/wp-json\/wp\/v2\/pages\/1876\/revisions\/3024"}],"wp:attachment":[{"href":"https:\/\/www.blz-company.ch\/de\/wp-json\/wp\/v2\/media?parent=1876"}],"curies":[{"name":"wp","href":"https:\/\/api.w.org\/{rel}","templated":true}]}}