{"id":1949,"date":"2022-10-17T13:58:51","date_gmt":"2022-10-17T11:58:51","guid":{"rendered":"https:\/\/dev.blz-company.ch\/produit\/blz-lager\/"},"modified":"2022-11-30T20:49:44","modified_gmt":"2022-11-30T19:49:44","slug":"blz-lager","status":"publish","type":"product","link":"https:\/\/www.blz-company.ch\/de\/produkt\/blz-lager\/","title":{"rendered":"BLZ Lager"},"content":{"rendered":"<p>Ein ansprechendes Design und eine klare Funktion &#8211; das BLZ Lager tut genau das, was man von ihm erwartet: den Durst l\u00f6schen!<br \/>\nOn a brass\u00e9 encore et encore pour trouver la recette parfaite. \u00c0 la sueur de notre front et de nos fermenteurs nous sommes arriv\u00e9 \u00e0 une lager qui s&#8217;apparente (en surface seulement) \u00e0 une Helles Bier germanique, l\u00e9g\u00e8re et facile \u00e0 boire. Zu jeder Jahreszeit die perfekte L\u00f6sung f\u00fcr einen chilligen, druckfreien Moment.<br \/>\nDas BLZ Lager, durch und durch s\u00fcffig.<\/p>\n","protected":false},"excerpt":{"rendered":"<p>Mit seinem attraktiven Design und seiner klaren Funktion tut das BLZ Lager genau das, was man von ihm erwartet: den Durst l\u00f6schen!<\/p>\n","protected":false},"featured_media":2245,"template":"","meta":{"_acf_changed":false},"product_brand":[],"product_cat":[80,92,94],"product_tag":[],"class_list":{"0":"post-1949","1":"product","2":"type-product","3":"status-publish","4":"has-post-thumbnail","6":"product_cat-biere","7":"product_cat-erhaeltlich-in-faessern","8":"product_cat-lager-de","10":"first","11":"instock","12":"taxable","13":"shipping-taxable","14":"purchasable","15":"product-type-simple"},"acf":[],"yoast_head":"<!-- This site is optimized with the Yoast SEO plugin v27.3 - https:\/\/yoast.com\/product\/yoast-seo-wordpress\/ -->\n<title>BLZ Lager - blz-company.ch \u2013 Brasserie BLZ-Company<\/title>\n<meta name=\"robots\" content=\"index, follow, max-snippet:-1, max-image-preview:large, max-video-preview:-1\" \/>\n<link rel=\"canonical\" href=\"https:\/\/www.blz-company.ch\/de\/produkt\/blz-lager\/\" \/>\n<meta property=\"og:locale\" content=\"de_DE\" \/>\n<meta property=\"og:type\" content=\"article\" \/>\n<meta property=\"og:title\" content=\"BLZ Lager - blz-company.ch \u2013 Brasserie BLZ-Company\" \/>\n<meta property=\"og:description\" content=\"Mit seinem attraktiven Design und seiner klaren Funktion tut das BLZ Lager genau das, was man von ihm erwartet: den Durst l\u00f6schen!\" \/>\n<meta property=\"og:url\" content=\"https:\/\/www.blz-company.ch\/de\/produkt\/blz-lager\/\" \/>\n<meta property=\"og:site_name\" content=\"blz-company.ch \u2013 Brasserie BLZ-Company\" \/>\n<meta property=\"article:publisher\" content=\"https:\/\/www.facebook.com\/blzcompany\" \/>\n<meta property=\"article:modified_time\" content=\"2022-11-30T19:49:44+00:00\" \/>\n<meta property=\"og:image\" content=\"https:\/\/www.blz-company.ch\/wp-content\/uploads\/2022\/10\/Lagerweb.png\" \/>\n\t<meta property=\"og:image:width\" content=\"1000\" \/>\n\t<meta property=\"og:image:height\" content=\"1000\" \/>\n\t<meta property=\"og:image:type\" content=\"image\/png\" \/>\n<meta name=\"twitter:card\" content=\"summary_large_image\" \/>\n<script type=\"application\/ld+json\" class=\"yoast-schema-graph\">{\"@context\":\"https:\\\/\\\/schema.org\",\"@graph\":[{\"@type\":\"WebPage\",\"@id\":\"https:\\\/\\\/www.blz-company.ch\\\/de\\\/produkt\\\/blz-lager\\\/\",\"url\":\"https:\\\/\\\/www.blz-company.ch\\\/de\\\/produkt\\\/blz-lager\\\/\",\"name\":\"BLZ Lager - blz-company.ch \u2013 Brasserie BLZ-Company\",\"isPartOf\":{\"@id\":\"https:\\\/\\\/www.blz-company.ch\\\/#website\"},\"primaryImageOfPage\":{\"@id\":\"https:\\\/\\\/www.blz-company.ch\\\/de\\\/produkt\\\/blz-lager\\\/#primaryimage\"},\"image\":{\"@id\":\"https:\\\/\\\/www.blz-company.ch\\\/de\\\/produkt\\\/blz-lager\\\/#primaryimage\"},\"thumbnailUrl\":\"https:\\\/\\\/www.blz-company.ch\\\/wp-content\\\/uploads\\\/2022\\\/10\\\/Lager_V4_webshop.png\",\"datePublished\":\"2022-10-17T11:58:51+00:00\",\"dateModified\":\"2022-11-30T19:49:44+00:00\",\"breadcrumb\":{\"@id\":\"https:\\\/\\\/www.blz-company.ch\\\/de\\\/produkt\\\/blz-lager\\\/#breadcrumb\"},\"inLanguage\":\"de\",\"potentialAction\":[{\"@type\":\"ReadAction\",\"target\":[\"https:\\\/\\\/www.blz-company.ch\\\/de\\\/produkt\\\/blz-lager\\\/\"]}]},{\"@type\":\"ImageObject\",\"inLanguage\":\"de\",\"@id\":\"https:\\\/\\\/www.blz-company.ch\\\/de\\\/produkt\\\/blz-lager\\\/#primaryimage\",\"url\":\"https:\\\/\\\/www.blz-company.ch\\\/wp-content\\\/uploads\\\/2022\\\/10\\\/Lager_V4_webshop.png\",\"contentUrl\":\"https:\\\/\\\/www.blz-company.ch\\\/wp-content\\\/uploads\\\/2022\\\/10\\\/Lager_V4_webshop.png\",\"width\":1000,\"height\":1000},{\"@type\":\"BreadcrumbList\",\"@id\":\"https:\\\/\\\/www.blz-company.ch\\\/de\\\/produkt\\\/blz-lager\\\/#breadcrumb\",\"itemListElement\":[{\"@type\":\"ListItem\",\"position\":1,\"name\":\"Accueil\",\"item\":\"https:\\\/\\\/www.blz-company.ch\\\/\"},{\"@type\":\"ListItem\",\"position\":2,\"name\":\"Shop\",\"item\":\"https:\\\/\\\/www.blz-company.ch\\\/de\\\/blz-shop\\\/\"},{\"@type\":\"ListItem\",\"position\":3,\"name\":\"BLZ Lager\"}]},{\"@type\":\"WebSite\",\"@id\":\"https:\\\/\\\/www.blz-company.ch\\\/#website\",\"url\":\"https:\\\/\\\/www.blz-company.ch\\\/\",\"name\":\"blz-company.ch \u2013 Brasserie BLZ-Company\",\"description\":\"\",\"publisher\":{\"@id\":\"https:\\\/\\\/www.blz-company.ch\\\/#organization\"},\"potentialAction\":[{\"@type\":\"SearchAction\",\"target\":{\"@type\":\"EntryPoint\",\"urlTemplate\":\"https:\\\/\\\/www.blz-company.ch\\\/?s={search_term_string}\"},\"query-input\":{\"@type\":\"PropertyValueSpecification\",\"valueRequired\":true,\"valueName\":\"search_term_string\"}}],\"inLanguage\":\"de\"},{\"@type\":\"Organization\",\"@id\":\"https:\\\/\\\/www.blz-company.ch\\\/#organization\",\"name\":\"blz-company.ch \u2013 Brasserie BLZ-Company\",\"url\":\"https:\\\/\\\/www.blz-company.ch\\\/\",\"logo\":{\"@type\":\"ImageObject\",\"inLanguage\":\"de\",\"@id\":\"https:\\\/\\\/www.blz-company.ch\\\/#\\\/schema\\\/logo\\\/image\\\/\",\"url\":\"https:\\\/\\\/www.blz-company.ch\\\/wp-content\\\/uploads\\\/2022\\\/10\\\/cropped-BLZ-LOGO.png\",\"contentUrl\":\"https:\\\/\\\/www.blz-company.ch\\\/wp-content\\\/uploads\\\/2022\\\/10\\\/cropped-BLZ-LOGO.png\",\"width\":1500,\"height\":1295,\"caption\":\"blz-company.ch \u2013 Brasserie BLZ-Company\"},\"image\":{\"@id\":\"https:\\\/\\\/www.blz-company.ch\\\/#\\\/schema\\\/logo\\\/image\\\/\"},\"sameAs\":[\"https:\\\/\\\/www.facebook.com\\\/blzcompany\",\"https:\\\/\\\/www.instagram.com\\\/blz_company\\\/\"]}]}<\/script>\n<!-- \/ Yoast SEO plugin. -->","yoast_head_json":{"title":"BLZ Lager - blz-company.ch \u2013 Brasserie BLZ-Company","robots":{"index":"index","follow":"follow","max-snippet":"max-snippet:-1","max-image-preview":"max-image-preview:large","max-video-preview":"max-video-preview:-1"},"canonical":"https:\/\/www.blz-company.ch\/de\/produkt\/blz-lager\/","og_locale":"de_DE","og_type":"article","og_title":"BLZ Lager - blz-company.ch \u2013 Brasserie BLZ-Company","og_description":"Mit seinem attraktiven Design und seiner klaren Funktion tut das BLZ Lager genau das, was man von ihm erwartet: den Durst l\u00f6schen!","og_url":"https:\/\/www.blz-company.ch\/de\/produkt\/blz-lager\/","og_site_name":"blz-company.ch \u2013 Brasserie BLZ-Company","article_publisher":"https:\/\/www.facebook.com\/blzcompany","article_modified_time":"2022-11-30T19:49:44+00:00","og_image":[{"width":1000,"height":1000,"url":"https:\/\/www.blz-company.ch\/wp-content\/uploads\/2022\/10\/Lagerweb.png","type":"image\/png"}],"twitter_card":"summary_large_image","schema":{"@context":"https:\/\/schema.org","@graph":[{"@type":"WebPage","@id":"https:\/\/www.blz-company.ch\/de\/produkt\/blz-lager\/","url":"https:\/\/www.blz-company.ch\/de\/produkt\/blz-lager\/","name":"BLZ Lager - blz-company.ch \u2013 Brasserie BLZ-Company","isPartOf":{"@id":"https:\/\/www.blz-company.ch\/#website"},"primaryImageOfPage":{"@id":"https:\/\/www.blz-company.ch\/de\/produkt\/blz-lager\/#primaryimage"},"image":{"@id":"https:\/\/www.blz-company.ch\/de\/produkt\/blz-lager\/#primaryimage"},"thumbnailUrl":"https:\/\/www.blz-company.ch\/wp-content\/uploads\/2022\/10\/Lager_V4_webshop.png","datePublished":"2022-10-17T11:58:51+00:00","dateModified":"2022-11-30T19:49:44+00:00","breadcrumb":{"@id":"https:\/\/www.blz-company.ch\/de\/produkt\/blz-lager\/#breadcrumb"},"inLanguage":"de","potentialAction":[{"@type":"ReadAction","target":["https:\/\/www.blz-company.ch\/de\/produkt\/blz-lager\/"]}]},{"@type":"ImageObject","inLanguage":"de","@id":"https:\/\/www.blz-company.ch\/de\/produkt\/blz-lager\/#primaryimage","url":"https:\/\/www.blz-company.ch\/wp-content\/uploads\/2022\/10\/Lager_V4_webshop.png","contentUrl":"https:\/\/www.blz-company.ch\/wp-content\/uploads\/2022\/10\/Lager_V4_webshop.png","width":1000,"height":1000},{"@type":"BreadcrumbList","@id":"https:\/\/www.blz-company.ch\/de\/produkt\/blz-lager\/#breadcrumb","itemListElement":[{"@type":"ListItem","position":1,"name":"Accueil","item":"https:\/\/www.blz-company.ch\/"},{"@type":"ListItem","position":2,"name":"Shop","item":"https:\/\/www.blz-company.ch\/de\/blz-shop\/"},{"@type":"ListItem","position":3,"name":"BLZ Lager"}]},{"@type":"WebSite","@id":"https:\/\/www.blz-company.ch\/#website","url":"https:\/\/www.blz-company.ch\/","name":"blz-company.ch \u2013 Brasserie BLZ-Company","description":"","publisher":{"@id":"https:\/\/www.blz-company.ch\/#organization"},"potentialAction":[{"@type":"SearchAction","target":{"@type":"EntryPoint","urlTemplate":"https:\/\/www.blz-company.ch\/?s={search_term_string}"},"query-input":{"@type":"PropertyValueSpecification","valueRequired":true,"valueName":"search_term_string"}}],"inLanguage":"de"},{"@type":"Organization","@id":"https:\/\/www.blz-company.ch\/#organization","name":"blz-company.ch \u2013 Brasserie BLZ-Company","url":"https:\/\/www.blz-company.ch\/","logo":{"@type":"ImageObject","inLanguage":"de","@id":"https:\/\/www.blz-company.ch\/#\/schema\/logo\/image\/","url":"https:\/\/www.blz-company.ch\/wp-content\/uploads\/2022\/10\/cropped-BLZ-LOGO.png","contentUrl":"https:\/\/www.blz-company.ch\/wp-content\/uploads\/2022\/10\/cropped-BLZ-LOGO.png","width":1500,"height":1295,"caption":"blz-company.ch \u2013 Brasserie BLZ-Company"},"image":{"@id":"https:\/\/www.blz-company.ch\/#\/schema\/logo\/image\/"},"sameAs":["https:\/\/www.facebook.com\/blzcompany","https:\/\/www.instagram.com\/blz_company\/"]}]}},"_links":{"self":[{"href":"https:\/\/www.blz-company.ch\/de\/wp-json\/wp\/v2\/product\/1949","targetHints":{"allow":["GET"]}}],"collection":[{"href":"https:\/\/www.blz-company.ch\/de\/wp-json\/wp\/v2\/product"}],"about":[{"href":"https:\/\/www.blz-company.ch\/de\/wp-json\/wp\/v2\/types\/product"}],"wp:featuredmedia":[{"embeddable":true,"href":"https:\/\/www.blz-company.ch\/de\/wp-json\/wp\/v2\/media\/2245"}],"wp:attachment":[{"href":"https:\/\/www.blz-company.ch\/de\/wp-json\/wp\/v2\/media?parent=1949"}],"wp:term":[{"taxonomy":"product_brand","embeddable":true,"href":"https:\/\/www.blz-company.ch\/de\/wp-json\/wp\/v2\/product_brand?post=1949"},{"taxonomy":"product_cat","embeddable":true,"href":"https:\/\/www.blz-company.ch\/de\/wp-json\/wp\/v2\/product_cat?post=1949"},{"taxonomy":"product_tag","embeddable":true,"href":"https:\/\/www.blz-company.ch\/de\/wp-json\/wp\/v2\/product_tag?post=1949"}],"curies":[{"name":"wp","href":"https:\/\/api.w.org\/{rel}","templated":true}]}}