{"id":1950,"date":"2022-07-21T11:59:58","date_gmt":"2022-07-21T09:59:58","guid":{"rendered":"https:\/\/dev.blz-company.ch\/produit\/west-coast-ale\/"},"modified":"2022-11-30T18:43:41","modified_gmt":"2022-11-30T17:43:41","slug":"west-coast-ale","status":"publish","type":"product","link":"https:\/\/www.blz-company.ch\/de\/produkt\/west-coast-ale\/","title":{"rendered":"WEST COAST ALE"},"content":{"rendered":"<p>Das American Pale Ale, das Sie kennen und lieben.<br \/>\nDas oberg\u00e4rige Bier verstr\u00f6mt Aromen von Passionsfr\u00fcchten und Zitrusfr\u00fcchten, die aus der subtilen Hopfenmischung stammen. Seine frischen Aromen machen das West Coast zu einem aromatischen und gleichzeitig leicht zug\u00e4nglichen Bier mit einem kleinen &#8222;Komm-wieder-zur\u00fcck&#8220;-Geschmack, lassen Sie sich von seinem unwiderstehlichen Charme mitrei\u00dfen.<br \/>\nEs ist kein Zufall, dass dieses Bier beim Artisa-Malt-Wettbewerb 2019 den Publikumspreis gewonnen hat. Ein Klassiker der Brauerei BLZ-Compagnie, den Sie so schnell wie m\u00f6glich probieren m\u00fcssen (Falls Sie es noch nicht getan haben).<br \/>\nAber was w\u00e4re ein gutes Bier ohne gute Musik? F\u00fcr die West Coast empfehlen wir Ihnen einen guten Punkrock, der sowohl Ihre Geschmacksnerven als auch Ihre fleischliche H\u00fclle wecken wird.<\/p>\n","protected":false},"excerpt":{"rendered":"<p>Leichtes Blondes mit erfrischenden Aromen<br \/>\nvon Passionsfrucht und Zitrusfr\u00fcchten, die durch die<br \/>\ndurch seine ausgepr\u00e4gte Hopfung.<\/p>\n","protected":false},"featured_media":1644,"template":"","meta":{"_acf_changed":false},"product_brand":[],"product_cat":[80,91,92],"product_tag":[],"class_list":{"0":"post-1950","1":"product","2":"type-product","3":"status-publish","4":"has-post-thumbnail","6":"product_cat-biere","7":"product_cat-classic-de","8":"product_cat-erhaeltlich-in-faessern","10":"first","11":"instock","12":"taxable","13":"shipping-taxable","14":"purchasable","15":"product-type-simple"},"acf":[],"yoast_head":"<!-- This site is optimized with the Yoast SEO plugin v27.6 - https:\/\/yoast.com\/product\/yoast-seo-wordpress\/ -->\n<title>WEST COAST ALE - blz-company.ch \u2013 Brasserie BLZ-Company<\/title>\n<meta name=\"robots\" content=\"index, follow, max-snippet:-1, max-image-preview:large, max-video-preview:-1\" \/>\n<link rel=\"canonical\" href=\"https:\/\/www.blz-company.ch\/de\/produit\/west-coast-ale\/\" \/>\n<meta property=\"og:locale\" content=\"de_DE\" \/>\n<meta property=\"og:type\" content=\"article\" \/>\n<meta property=\"og:title\" content=\"WEST COAST ALE - blz-company.ch \u2013 Brasserie BLZ-Company\" \/>\n<meta property=\"og:description\" content=\"Leichtes Blondes mit erfrischenden Aromen von Passionsfrucht und Zitrusfr\u00fcchten, die durch die durch seine ausgepr\u00e4gte Hopfung.\" \/>\n<meta property=\"og:url\" content=\"https:\/\/www.blz-company.ch\/de\/produit\/west-coast-ale\/\" \/>\n<meta property=\"og:site_name\" content=\"blz-company.ch \u2013 Brasserie BLZ-Company\" \/>\n<meta property=\"article:publisher\" content=\"https:\/\/www.facebook.com\/blzcompany\" \/>\n<meta property=\"article:modified_time\" content=\"2022-11-30T17:43:41+00:00\" \/>\n<meta property=\"og:image\" content=\"https:\/\/www.blz-company.ch\/wp-content\/uploads\/2022\/08\/west-coast.png\" \/>\n\t<meta property=\"og:image:width\" content=\"1000\" \/>\n\t<meta property=\"og:image:height\" content=\"1000\" \/>\n\t<meta property=\"og:image:type\" content=\"image\/png\" \/>\n<meta name=\"twitter:card\" content=\"summary_large_image\" \/>\n<meta name=\"twitter:label1\" content=\"Gesch\u00e4tzte Lesezeit\" \/>\n\t<meta name=\"twitter:data1\" content=\"1\u00a0Minute\" \/>\n<script type=\"application\/ld+json\" class=\"yoast-schema-graph\">{\"@context\":\"https:\\\/\\\/schema.org\",\"@graph\":[{\"@type\":\"WebPage\",\"@id\":\"https:\\\/\\\/www.blz-company.ch\\\/de\\\/produit\\\/west-coast-ale\\\/\",\"url\":\"https:\\\/\\\/www.blz-company.ch\\\/de\\\/produit\\\/west-coast-ale\\\/\",\"name\":\"WEST COAST ALE - blz-company.ch \u2013 Brasserie BLZ-Company\",\"isPartOf\":{\"@id\":\"https:\\\/\\\/www.blz-company.ch\\\/#website\"},\"primaryImageOfPage\":{\"@id\":\"https:\\\/\\\/www.blz-company.ch\\\/de\\\/produit\\\/west-coast-ale\\\/#primaryimage\"},\"image\":{\"@id\":\"https:\\\/\\\/www.blz-company.ch\\\/de\\\/produit\\\/west-coast-ale\\\/#primaryimage\"},\"thumbnailUrl\":\"https:\\\/\\\/www.blz-company.ch\\\/wp-content\\\/uploads\\\/2022\\\/08\\\/west-coast.png\",\"datePublished\":\"2022-07-21T09:59:58+00:00\",\"dateModified\":\"2022-11-30T17:43:41+00:00\",\"breadcrumb\":{\"@id\":\"https:\\\/\\\/www.blz-company.ch\\\/de\\\/produit\\\/west-coast-ale\\\/#breadcrumb\"},\"inLanguage\":\"de\",\"potentialAction\":[{\"@type\":\"ReadAction\",\"target\":[\"https:\\\/\\\/www.blz-company.ch\\\/de\\\/produit\\\/west-coast-ale\\\/\"]}]},{\"@type\":\"ImageObject\",\"inLanguage\":\"de\",\"@id\":\"https:\\\/\\\/www.blz-company.ch\\\/de\\\/produit\\\/west-coast-ale\\\/#primaryimage\",\"url\":\"https:\\\/\\\/www.blz-company.ch\\\/wp-content\\\/uploads\\\/2022\\\/08\\\/west-coast.png\",\"contentUrl\":\"https:\\\/\\\/www.blz-company.ch\\\/wp-content\\\/uploads\\\/2022\\\/08\\\/west-coast.png\",\"width\":1000,\"height\":1000},{\"@type\":\"BreadcrumbList\",\"@id\":\"https:\\\/\\\/www.blz-company.ch\\\/de\\\/produit\\\/west-coast-ale\\\/#breadcrumb\",\"itemListElement\":[{\"@type\":\"ListItem\",\"position\":1,\"name\":\"Accueil\",\"item\":\"https:\\\/\\\/www.blz-company.ch\\\/\"},{\"@type\":\"ListItem\",\"position\":2,\"name\":\"Shop\",\"item\":\"https:\\\/\\\/www.blz-company.ch\\\/de\\\/blz-shop\\\/\"},{\"@type\":\"ListItem\",\"position\":3,\"name\":\"WEST COAST ALE\"}]},{\"@type\":\"WebSite\",\"@id\":\"https:\\\/\\\/www.blz-company.ch\\\/#website\",\"url\":\"https:\\\/\\\/www.blz-company.ch\\\/\",\"name\":\"blz-company.ch \u2013 Brasserie BLZ-Company\",\"description\":\"\",\"publisher\":{\"@id\":\"https:\\\/\\\/www.blz-company.ch\\\/#organization\"},\"potentialAction\":[{\"@type\":\"SearchAction\",\"target\":{\"@type\":\"EntryPoint\",\"urlTemplate\":\"https:\\\/\\\/www.blz-company.ch\\\/?s={search_term_string}\"},\"query-input\":{\"@type\":\"PropertyValueSpecification\",\"valueRequired\":true,\"valueName\":\"search_term_string\"}}],\"inLanguage\":\"de\"},{\"@type\":\"Organization\",\"@id\":\"https:\\\/\\\/www.blz-company.ch\\\/#organization\",\"name\":\"blz-company.ch \u2013 Brasserie BLZ-Company\",\"url\":\"https:\\\/\\\/www.blz-company.ch\\\/\",\"logo\":{\"@type\":\"ImageObject\",\"inLanguage\":\"de\",\"@id\":\"https:\\\/\\\/www.blz-company.ch\\\/#\\\/schema\\\/logo\\\/image\\\/\",\"url\":\"https:\\\/\\\/www.blz-company.ch\\\/wp-content\\\/uploads\\\/2022\\\/10\\\/cropped-BLZ-LOGO.png\",\"contentUrl\":\"https:\\\/\\\/www.blz-company.ch\\\/wp-content\\\/uploads\\\/2022\\\/10\\\/cropped-BLZ-LOGO.png\",\"width\":1500,\"height\":1295,\"caption\":\"blz-company.ch \u2013 Brasserie BLZ-Company\"},\"image\":{\"@id\":\"https:\\\/\\\/www.blz-company.ch\\\/#\\\/schema\\\/logo\\\/image\\\/\"},\"sameAs\":[\"https:\\\/\\\/www.facebook.com\\\/blzcompany\",\"https:\\\/\\\/www.instagram.com\\\/blz_company\\\/\"]}]}<\/script>\n<!-- \/ Yoast SEO plugin. -->","yoast_head_json":{"title":"WEST COAST ALE - blz-company.ch \u2013 Brasserie BLZ-Company","robots":{"index":"index","follow":"follow","max-snippet":"max-snippet:-1","max-image-preview":"max-image-preview:large","max-video-preview":"max-video-preview:-1"},"canonical":"https:\/\/www.blz-company.ch\/de\/produit\/west-coast-ale\/","og_locale":"de_DE","og_type":"article","og_title":"WEST COAST ALE - blz-company.ch \u2013 Brasserie BLZ-Company","og_description":"Leichtes Blondes mit erfrischenden Aromen von Passionsfrucht und Zitrusfr\u00fcchten, die durch die durch seine ausgepr\u00e4gte Hopfung.","og_url":"https:\/\/www.blz-company.ch\/de\/produit\/west-coast-ale\/","og_site_name":"blz-company.ch \u2013 Brasserie BLZ-Company","article_publisher":"https:\/\/www.facebook.com\/blzcompany","article_modified_time":"2022-11-30T17:43:41+00:00","og_image":[{"width":1000,"height":1000,"url":"https:\/\/www.blz-company.ch\/wp-content\/uploads\/2022\/08\/west-coast.png","type":"image\/png"}],"twitter_card":"summary_large_image","twitter_misc":{"Gesch\u00e4tzte Lesezeit":"1\u00a0Minute"},"schema":{"@context":"https:\/\/schema.org","@graph":[{"@type":"WebPage","@id":"https:\/\/www.blz-company.ch\/de\/produit\/west-coast-ale\/","url":"https:\/\/www.blz-company.ch\/de\/produit\/west-coast-ale\/","name":"WEST COAST ALE - blz-company.ch \u2013 Brasserie BLZ-Company","isPartOf":{"@id":"https:\/\/www.blz-company.ch\/#website"},"primaryImageOfPage":{"@id":"https:\/\/www.blz-company.ch\/de\/produit\/west-coast-ale\/#primaryimage"},"image":{"@id":"https:\/\/www.blz-company.ch\/de\/produit\/west-coast-ale\/#primaryimage"},"thumbnailUrl":"https:\/\/www.blz-company.ch\/wp-content\/uploads\/2022\/08\/west-coast.png","datePublished":"2022-07-21T09:59:58+00:00","dateModified":"2022-11-30T17:43:41+00:00","breadcrumb":{"@id":"https:\/\/www.blz-company.ch\/de\/produit\/west-coast-ale\/#breadcrumb"},"inLanguage":"de","potentialAction":[{"@type":"ReadAction","target":["https:\/\/www.blz-company.ch\/de\/produit\/west-coast-ale\/"]}]},{"@type":"ImageObject","inLanguage":"de","@id":"https:\/\/www.blz-company.ch\/de\/produit\/west-coast-ale\/#primaryimage","url":"https:\/\/www.blz-company.ch\/wp-content\/uploads\/2022\/08\/west-coast.png","contentUrl":"https:\/\/www.blz-company.ch\/wp-content\/uploads\/2022\/08\/west-coast.png","width":1000,"height":1000},{"@type":"BreadcrumbList","@id":"https:\/\/www.blz-company.ch\/de\/produit\/west-coast-ale\/#breadcrumb","itemListElement":[{"@type":"ListItem","position":1,"name":"Accueil","item":"https:\/\/www.blz-company.ch\/"},{"@type":"ListItem","position":2,"name":"Shop","item":"https:\/\/www.blz-company.ch\/de\/blz-shop\/"},{"@type":"ListItem","position":3,"name":"WEST COAST ALE"}]},{"@type":"WebSite","@id":"https:\/\/www.blz-company.ch\/#website","url":"https:\/\/www.blz-company.ch\/","name":"blz-company.ch \u2013 Brasserie BLZ-Company","description":"","publisher":{"@id":"https:\/\/www.blz-company.ch\/#organization"},"potentialAction":[{"@type":"SearchAction","target":{"@type":"EntryPoint","urlTemplate":"https:\/\/www.blz-company.ch\/?s={search_term_string}"},"query-input":{"@type":"PropertyValueSpecification","valueRequired":true,"valueName":"search_term_string"}}],"inLanguage":"de"},{"@type":"Organization","@id":"https:\/\/www.blz-company.ch\/#organization","name":"blz-company.ch \u2013 Brasserie BLZ-Company","url":"https:\/\/www.blz-company.ch\/","logo":{"@type":"ImageObject","inLanguage":"de","@id":"https:\/\/www.blz-company.ch\/#\/schema\/logo\/image\/","url":"https:\/\/www.blz-company.ch\/wp-content\/uploads\/2022\/10\/cropped-BLZ-LOGO.png","contentUrl":"https:\/\/www.blz-company.ch\/wp-content\/uploads\/2022\/10\/cropped-BLZ-LOGO.png","width":1500,"height":1295,"caption":"blz-company.ch \u2013 Brasserie BLZ-Company"},"image":{"@id":"https:\/\/www.blz-company.ch\/#\/schema\/logo\/image\/"},"sameAs":["https:\/\/www.facebook.com\/blzcompany","https:\/\/www.instagram.com\/blz_company\/"]}]}},"_links":{"self":[{"href":"https:\/\/www.blz-company.ch\/de\/wp-json\/wp\/v2\/product\/1950","targetHints":{"allow":["GET"]}}],"collection":[{"href":"https:\/\/www.blz-company.ch\/de\/wp-json\/wp\/v2\/product"}],"about":[{"href":"https:\/\/www.blz-company.ch\/de\/wp-json\/wp\/v2\/types\/product"}],"wp:featuredmedia":[{"embeddable":true,"href":"https:\/\/www.blz-company.ch\/de\/wp-json\/wp\/v2\/media\/1644"}],"wp:attachment":[{"href":"https:\/\/www.blz-company.ch\/de\/wp-json\/wp\/v2\/media?parent=1950"}],"wp:term":[{"taxonomy":"product_brand","embeddable":true,"href":"https:\/\/www.blz-company.ch\/de\/wp-json\/wp\/v2\/product_brand?post=1950"},{"taxonomy":"product_cat","embeddable":true,"href":"https:\/\/www.blz-company.ch\/de\/wp-json\/wp\/v2\/product_cat?post=1950"},{"taxonomy":"product_tag","embeddable":true,"href":"https:\/\/www.blz-company.ch\/de\/wp-json\/wp\/v2\/product_tag?post=1950"}],"curies":[{"name":"wp","href":"https:\/\/api.w.org\/{rel}","templated":true}]}}