{"id":1952,"date":"2022-10-17T13:40:18","date_gmt":"2022-10-17T11:40:18","guid":{"rendered":"https:\/\/dev.blz-company.ch\/produit\/chasseral\/"},"modified":"2022-10-17T13:40:18","modified_gmt":"2022-10-17T11:40:18","slug":"chasseral","status":"publish","type":"product","link":"https:\/\/www.blz-company.ch\/de\/produkt\/chasseral\/","title":{"rendered":"Chasseral"},"content":{"rendered":"<p>Kennen Sie den Chasseral im Jura? Wenn nicht, laden wir Sie herzlich ein, ihn zu entdecken. Der Chasseral-Park im Jura ist ein Naturschutzgebiet, das sich \u00fcber 400 km2 erstreckt und die Heimat einer reichen und vielf\u00e4ltigen Flora und Fauna ist. Wir wollten dieser Region mit unserem Chasseral-Bier Tribut zollen. Ein zitronig-s\u00fc\u00dfes Wei\u00dfbier, das mit Bio-Gerstenmalz und Bio-Weizenmalz gebraut wird, die in Orvin angebaut und in der M\u00e4lzerei Malticulture in Del\u00e9mont verarbeitet werden. Sogar auf dem Etikett dieses Bieres ist ein Auerhuhn abgebildet, ein Gallinac\u00e9, das aus dem Park nicht wegzudenken ist.<\/p>\n","protected":false},"excerpt":{"rendered":"<p>S\u00fc\u00dfes, zitroniges Wei\u00dfbier, gebraut mit BIO-Gerstenmalz und BIO-Weizenmalz, das in Orvin angebaut und in der M\u00e4lzerei Malticulture in Del\u00e9mont verarbeitet wird.<\/p>\n","protected":false},"featured_media":1628,"template":"","meta":{"_acf_changed":false},"product_brand":[],"product_cat":[80,91],"product_tag":[],"class_list":{"0":"post-1952","1":"product","2":"type-product","3":"status-publish","4":"has-post-thumbnail","6":"product_cat-biere","7":"product_cat-classic-de","9":"first","10":"instock","11":"taxable","12":"shipping-taxable","13":"purchasable","14":"product-type-simple"},"acf":[],"yoast_head":"<!-- This site is optimized with the Yoast SEO plugin v27.6 - https:\/\/yoast.com\/product\/yoast-seo-wordpress\/ -->\n<title>Chasseral - blz-company.ch \u2013 Brasserie BLZ-Company<\/title>\n<meta name=\"robots\" content=\"index, follow, max-snippet:-1, max-image-preview:large, max-video-preview:-1\" \/>\n<link rel=\"canonical\" href=\"https:\/\/www.blz-company.ch\/de\/produit\/chasseral\/\" \/>\n<meta property=\"og:locale\" content=\"de_DE\" \/>\n<meta property=\"og:type\" content=\"article\" \/>\n<meta property=\"og:title\" content=\"Chasseral - blz-company.ch \u2013 Brasserie BLZ-Company\" \/>\n<meta property=\"og:description\" content=\"S\u00fc\u00dfes, zitroniges Wei\u00dfbier, gebraut mit BIO-Gerstenmalz und BIO-Weizenmalz, das in Orvin angebaut und in der M\u00e4lzerei Malticulture in Del\u00e9mont verarbeitet wird.\" \/>\n<meta property=\"og:url\" content=\"https:\/\/www.blz-company.ch\/de\/produit\/chasseral\/\" \/>\n<meta property=\"og:site_name\" content=\"blz-company.ch \u2013 Brasserie BLZ-Company\" \/>\n<meta property=\"article:publisher\" content=\"https:\/\/www.facebook.com\/blzcompany\" \/>\n<meta property=\"og:image\" content=\"https:\/\/www.blz-company.ch\/wp-content\/uploads\/2022\/10\/chasseral-website.png\" \/>\n\t<meta property=\"og:image:width\" content=\"1000\" \/>\n\t<meta property=\"og:image:height\" content=\"1000\" \/>\n\t<meta property=\"og:image:type\" content=\"image\/png\" \/>\n<meta name=\"twitter:card\" content=\"summary_large_image\" \/>\n<script type=\"application\/ld+json\" class=\"yoast-schema-graph\">{\"@context\":\"https:\\\/\\\/schema.org\",\"@graph\":[{\"@type\":\"WebPage\",\"@id\":\"https:\\\/\\\/www.blz-company.ch\\\/de\\\/produit\\\/chasseral\\\/\",\"url\":\"https:\\\/\\\/www.blz-company.ch\\\/de\\\/produit\\\/chasseral\\\/\",\"name\":\"Chasseral - blz-company.ch \u2013 Brasserie BLZ-Company\",\"isPartOf\":{\"@id\":\"https:\\\/\\\/www.blz-company.ch\\\/#website\"},\"primaryImageOfPage\":{\"@id\":\"https:\\\/\\\/www.blz-company.ch\\\/de\\\/produit\\\/chasseral\\\/#primaryimage\"},\"image\":{\"@id\":\"https:\\\/\\\/www.blz-company.ch\\\/de\\\/produit\\\/chasseral\\\/#primaryimage\"},\"thumbnailUrl\":\"https:\\\/\\\/www.blz-company.ch\\\/wp-content\\\/uploads\\\/2022\\\/10\\\/chasseral-website.png\",\"datePublished\":\"2022-10-17T11:40:18+00:00\",\"breadcrumb\":{\"@id\":\"https:\\\/\\\/www.blz-company.ch\\\/de\\\/produit\\\/chasseral\\\/#breadcrumb\"},\"inLanguage\":\"de\",\"potentialAction\":[{\"@type\":\"ReadAction\",\"target\":[\"https:\\\/\\\/www.blz-company.ch\\\/de\\\/produit\\\/chasseral\\\/\"]}]},{\"@type\":\"ImageObject\",\"inLanguage\":\"de\",\"@id\":\"https:\\\/\\\/www.blz-company.ch\\\/de\\\/produit\\\/chasseral\\\/#primaryimage\",\"url\":\"https:\\\/\\\/www.blz-company.ch\\\/wp-content\\\/uploads\\\/2022\\\/10\\\/chasseral-website.png\",\"contentUrl\":\"https:\\\/\\\/www.blz-company.ch\\\/wp-content\\\/uploads\\\/2022\\\/10\\\/chasseral-website.png\",\"width\":1000,\"height\":1000,\"caption\":\"biere blanche chasseral\"},{\"@type\":\"BreadcrumbList\",\"@id\":\"https:\\\/\\\/www.blz-company.ch\\\/de\\\/produit\\\/chasseral\\\/#breadcrumb\",\"itemListElement\":[{\"@type\":\"ListItem\",\"position\":1,\"name\":\"Accueil\",\"item\":\"https:\\\/\\\/www.blz-company.ch\\\/\"},{\"@type\":\"ListItem\",\"position\":2,\"name\":\"Shop\",\"item\":\"https:\\\/\\\/www.blz-company.ch\\\/de\\\/blz-shop\\\/\"},{\"@type\":\"ListItem\",\"position\":3,\"name\":\"Chasseral\"}]},{\"@type\":\"WebSite\",\"@id\":\"https:\\\/\\\/www.blz-company.ch\\\/#website\",\"url\":\"https:\\\/\\\/www.blz-company.ch\\\/\",\"name\":\"blz-company.ch \u2013 Brasserie BLZ-Company\",\"description\":\"\",\"publisher\":{\"@id\":\"https:\\\/\\\/www.blz-company.ch\\\/#organization\"},\"potentialAction\":[{\"@type\":\"SearchAction\",\"target\":{\"@type\":\"EntryPoint\",\"urlTemplate\":\"https:\\\/\\\/www.blz-company.ch\\\/?s={search_term_string}\"},\"query-input\":{\"@type\":\"PropertyValueSpecification\",\"valueRequired\":true,\"valueName\":\"search_term_string\"}}],\"inLanguage\":\"de\"},{\"@type\":\"Organization\",\"@id\":\"https:\\\/\\\/www.blz-company.ch\\\/#organization\",\"name\":\"blz-company.ch \u2013 Brasserie BLZ-Company\",\"url\":\"https:\\\/\\\/www.blz-company.ch\\\/\",\"logo\":{\"@type\":\"ImageObject\",\"inLanguage\":\"de\",\"@id\":\"https:\\\/\\\/www.blz-company.ch\\\/#\\\/schema\\\/logo\\\/image\\\/\",\"url\":\"https:\\\/\\\/www.blz-company.ch\\\/wp-content\\\/uploads\\\/2022\\\/10\\\/cropped-BLZ-LOGO.png\",\"contentUrl\":\"https:\\\/\\\/www.blz-company.ch\\\/wp-content\\\/uploads\\\/2022\\\/10\\\/cropped-BLZ-LOGO.png\",\"width\":1500,\"height\":1295,\"caption\":\"blz-company.ch \u2013 Brasserie BLZ-Company\"},\"image\":{\"@id\":\"https:\\\/\\\/www.blz-company.ch\\\/#\\\/schema\\\/logo\\\/image\\\/\"},\"sameAs\":[\"https:\\\/\\\/www.facebook.com\\\/blzcompany\",\"https:\\\/\\\/www.instagram.com\\\/blz_company\\\/\"]}]}<\/script>\n<!-- \/ Yoast SEO plugin. -->","yoast_head_json":{"title":"Chasseral - blz-company.ch \u2013 Brasserie BLZ-Company","robots":{"index":"index","follow":"follow","max-snippet":"max-snippet:-1","max-image-preview":"max-image-preview:large","max-video-preview":"max-video-preview:-1"},"canonical":"https:\/\/www.blz-company.ch\/de\/produit\/chasseral\/","og_locale":"de_DE","og_type":"article","og_title":"Chasseral - blz-company.ch \u2013 Brasserie BLZ-Company","og_description":"S\u00fc\u00dfes, zitroniges Wei\u00dfbier, gebraut mit BIO-Gerstenmalz und BIO-Weizenmalz, das in Orvin angebaut und in der M\u00e4lzerei Malticulture in Del\u00e9mont verarbeitet wird.","og_url":"https:\/\/www.blz-company.ch\/de\/produit\/chasseral\/","og_site_name":"blz-company.ch \u2013 Brasserie BLZ-Company","article_publisher":"https:\/\/www.facebook.com\/blzcompany","og_image":[{"width":1000,"height":1000,"url":"https:\/\/www.blz-company.ch\/wp-content\/uploads\/2022\/10\/chasseral-website.png","type":"image\/png"}],"twitter_card":"summary_large_image","schema":{"@context":"https:\/\/schema.org","@graph":[{"@type":"WebPage","@id":"https:\/\/www.blz-company.ch\/de\/produit\/chasseral\/","url":"https:\/\/www.blz-company.ch\/de\/produit\/chasseral\/","name":"Chasseral - blz-company.ch \u2013 Brasserie BLZ-Company","isPartOf":{"@id":"https:\/\/www.blz-company.ch\/#website"},"primaryImageOfPage":{"@id":"https:\/\/www.blz-company.ch\/de\/produit\/chasseral\/#primaryimage"},"image":{"@id":"https:\/\/www.blz-company.ch\/de\/produit\/chasseral\/#primaryimage"},"thumbnailUrl":"https:\/\/www.blz-company.ch\/wp-content\/uploads\/2022\/10\/chasseral-website.png","datePublished":"2022-10-17T11:40:18+00:00","breadcrumb":{"@id":"https:\/\/www.blz-company.ch\/de\/produit\/chasseral\/#breadcrumb"},"inLanguage":"de","potentialAction":[{"@type":"ReadAction","target":["https:\/\/www.blz-company.ch\/de\/produit\/chasseral\/"]}]},{"@type":"ImageObject","inLanguage":"de","@id":"https:\/\/www.blz-company.ch\/de\/produit\/chasseral\/#primaryimage","url":"https:\/\/www.blz-company.ch\/wp-content\/uploads\/2022\/10\/chasseral-website.png","contentUrl":"https:\/\/www.blz-company.ch\/wp-content\/uploads\/2022\/10\/chasseral-website.png","width":1000,"height":1000,"caption":"biere blanche chasseral"},{"@type":"BreadcrumbList","@id":"https:\/\/www.blz-company.ch\/de\/produit\/chasseral\/#breadcrumb","itemListElement":[{"@type":"ListItem","position":1,"name":"Accueil","item":"https:\/\/www.blz-company.ch\/"},{"@type":"ListItem","position":2,"name":"Shop","item":"https:\/\/www.blz-company.ch\/de\/blz-shop\/"},{"@type":"ListItem","position":3,"name":"Chasseral"}]},{"@type":"WebSite","@id":"https:\/\/www.blz-company.ch\/#website","url":"https:\/\/www.blz-company.ch\/","name":"blz-company.ch \u2013 Brasserie BLZ-Company","description":"","publisher":{"@id":"https:\/\/www.blz-company.ch\/#organization"},"potentialAction":[{"@type":"SearchAction","target":{"@type":"EntryPoint","urlTemplate":"https:\/\/www.blz-company.ch\/?s={search_term_string}"},"query-input":{"@type":"PropertyValueSpecification","valueRequired":true,"valueName":"search_term_string"}}],"inLanguage":"de"},{"@type":"Organization","@id":"https:\/\/www.blz-company.ch\/#organization","name":"blz-company.ch \u2013 Brasserie BLZ-Company","url":"https:\/\/www.blz-company.ch\/","logo":{"@type":"ImageObject","inLanguage":"de","@id":"https:\/\/www.blz-company.ch\/#\/schema\/logo\/image\/","url":"https:\/\/www.blz-company.ch\/wp-content\/uploads\/2022\/10\/cropped-BLZ-LOGO.png","contentUrl":"https:\/\/www.blz-company.ch\/wp-content\/uploads\/2022\/10\/cropped-BLZ-LOGO.png","width":1500,"height":1295,"caption":"blz-company.ch \u2013 Brasserie BLZ-Company"},"image":{"@id":"https:\/\/www.blz-company.ch\/#\/schema\/logo\/image\/"},"sameAs":["https:\/\/www.facebook.com\/blzcompany","https:\/\/www.instagram.com\/blz_company\/"]}]}},"_links":{"self":[{"href":"https:\/\/www.blz-company.ch\/de\/wp-json\/wp\/v2\/product\/1952","targetHints":{"allow":["GET"]}}],"collection":[{"href":"https:\/\/www.blz-company.ch\/de\/wp-json\/wp\/v2\/product"}],"about":[{"href":"https:\/\/www.blz-company.ch\/de\/wp-json\/wp\/v2\/types\/product"}],"wp:featuredmedia":[{"embeddable":true,"href":"https:\/\/www.blz-company.ch\/de\/wp-json\/wp\/v2\/media\/1628"}],"wp:attachment":[{"href":"https:\/\/www.blz-company.ch\/de\/wp-json\/wp\/v2\/media?parent=1952"}],"wp:term":[{"taxonomy":"product_brand","embeddable":true,"href":"https:\/\/www.blz-company.ch\/de\/wp-json\/wp\/v2\/product_brand?post=1952"},{"taxonomy":"product_cat","embeddable":true,"href":"https:\/\/www.blz-company.ch\/de\/wp-json\/wp\/v2\/product_cat?post=1952"},{"taxonomy":"product_tag","embeddable":true,"href":"https:\/\/www.blz-company.ch\/de\/wp-json\/wp\/v2\/product_tag?post=1952"}],"curies":[{"name":"wp","href":"https:\/\/api.w.org\/{rel}","templated":true}]}}