{"id":1953,"date":"2022-08-23T21:02:27","date_gmt":"2022-08-23T19:02:27","guid":{"rendered":"https:\/\/dev.blz-company.ch\/produit\/jurassic-barley\/"},"modified":"2022-08-23T21:02:27","modified_gmt":"2022-08-23T19:02:27","slug":"jurassic-barley","status":"publish","type":"product","link":"https:\/\/www.blz-company.ch\/de\/produkt\/jurassic-barley\/","title":{"rendered":"JURASSIC BARLEY"},"content":{"rendered":"<p>Warum Jurassic?<br \/>\nNicht wegen eines uralten Rezepts, das auf den W\u00e4nden einer pr\u00e4historischen H\u00f6hle geschrieben gefunden wurde, sondern ganz einfach wegen seiner Herkunft.<br \/>\nFier de notre r\u00e9gion, le Jura, nous voulions cr\u00e9er une bi\u00e8re accessible produite uniquement avec des produits locaux et biologiques. De l\u2019eau de source, du malt de notre malterie de Del\u00e9mont, du houblon Suisse; que des bonnes choses. Une blonde l\u00e9g\u00e8re aux ar\u00f4mes de c\u00e9r\u00e9ales et de miel qui vous transportera dans de verts p\u00e2turages.<\/p>\n","protected":false},"excerpt":{"rendered":"<p>Quellwasser, Malz aus unserer M\u00e4lzerei in Del\u00e9mont, Schweizer Hopfen; nur gute Dinge.<br \/>\nEin leichtes Blondes mit Getreide- und Honigaromen, das Sie auf gr\u00fcne Weiden entf\u00fchrt.<\/p>\n<p>.<\/p>\n","protected":false},"featured_media":1638,"template":"","meta":{"_acf_changed":false},"product_brand":[],"product_cat":[80,91],"product_tag":[],"class_list":{"0":"post-1953","1":"product","2":"type-product","3":"status-publish","4":"has-post-thumbnail","6":"product_cat-biere","7":"product_cat-classic-de","9":"first","10":"instock","11":"taxable","12":"shipping-taxable","13":"purchasable","14":"product-type-simple"},"acf":[],"yoast_head":"<!-- This site is optimized with the Yoast SEO plugin v27.4 - https:\/\/yoast.com\/product\/yoast-seo-wordpress\/ -->\n<title>JURASSIC BARLEY - blz-company.ch \u2013 Brasserie BLZ-Company<\/title>\n<meta name=\"robots\" content=\"index, follow, max-snippet:-1, max-image-preview:large, max-video-preview:-1\" \/>\n<link rel=\"canonical\" href=\"https:\/\/www.blz-company.ch\/de\/produit\/jurassic-barley\/\" \/>\n<meta property=\"og:locale\" content=\"de_DE\" \/>\n<meta property=\"og:type\" content=\"article\" \/>\n<meta property=\"og:title\" content=\"JURASSIC BARLEY - blz-company.ch \u2013 Brasserie BLZ-Company\" \/>\n<meta property=\"og:description\" content=\"Quellwasser, Malz aus unserer M\u00e4lzerei in Del\u00e9mont, Schweizer Hopfen; nur gute Dinge. Ein leichtes Blondes mit Getreide- und Honigaromen, das Sie auf gr\u00fcne Weiden entf\u00fchrt.  .\" \/>\n<meta property=\"og:url\" content=\"https:\/\/www.blz-company.ch\/de\/produit\/jurassic-barley\/\" \/>\n<meta property=\"og:site_name\" content=\"blz-company.ch \u2013 Brasserie BLZ-Company\" \/>\n<meta property=\"article:publisher\" content=\"https:\/\/www.facebook.com\/blzcompany\" \/>\n<meta property=\"og:image\" content=\"https:\/\/www.blz-company.ch\/wp-content\/uploads\/2022\/08\/jurassic-2.png\" \/>\n\t<meta property=\"og:image:width\" content=\"1000\" \/>\n\t<meta property=\"og:image:height\" content=\"1000\" \/>\n\t<meta property=\"og:image:type\" content=\"image\/png\" \/>\n<meta name=\"twitter:card\" content=\"summary_large_image\" \/>\n<script type=\"application\/ld+json\" class=\"yoast-schema-graph\">{\"@context\":\"https:\\\/\\\/schema.org\",\"@graph\":[{\"@type\":\"WebPage\",\"@id\":\"https:\\\/\\\/www.blz-company.ch\\\/de\\\/produit\\\/jurassic-barley\\\/\",\"url\":\"https:\\\/\\\/www.blz-company.ch\\\/de\\\/produit\\\/jurassic-barley\\\/\",\"name\":\"JURASSIC BARLEY - blz-company.ch \u2013 Brasserie BLZ-Company\",\"isPartOf\":{\"@id\":\"https:\\\/\\\/www.blz-company.ch\\\/#website\"},\"primaryImageOfPage\":{\"@id\":\"https:\\\/\\\/www.blz-company.ch\\\/de\\\/produit\\\/jurassic-barley\\\/#primaryimage\"},\"image\":{\"@id\":\"https:\\\/\\\/www.blz-company.ch\\\/de\\\/produit\\\/jurassic-barley\\\/#primaryimage\"},\"thumbnailUrl\":\"https:\\\/\\\/www.blz-company.ch\\\/wp-content\\\/uploads\\\/2022\\\/08\\\/jurassic-2.png\",\"datePublished\":\"2022-08-23T19:02:27+00:00\",\"breadcrumb\":{\"@id\":\"https:\\\/\\\/www.blz-company.ch\\\/de\\\/produit\\\/jurassic-barley\\\/#breadcrumb\"},\"inLanguage\":\"de\",\"potentialAction\":[{\"@type\":\"ReadAction\",\"target\":[\"https:\\\/\\\/www.blz-company.ch\\\/de\\\/produit\\\/jurassic-barley\\\/\"]}]},{\"@type\":\"ImageObject\",\"inLanguage\":\"de\",\"@id\":\"https:\\\/\\\/www.blz-company.ch\\\/de\\\/produit\\\/jurassic-barley\\\/#primaryimage\",\"url\":\"https:\\\/\\\/www.blz-company.ch\\\/wp-content\\\/uploads\\\/2022\\\/08\\\/jurassic-2.png\",\"contentUrl\":\"https:\\\/\\\/www.blz-company.ch\\\/wp-content\\\/uploads\\\/2022\\\/08\\\/jurassic-2.png\",\"width\":1000,\"height\":1000},{\"@type\":\"BreadcrumbList\",\"@id\":\"https:\\\/\\\/www.blz-company.ch\\\/de\\\/produit\\\/jurassic-barley\\\/#breadcrumb\",\"itemListElement\":[{\"@type\":\"ListItem\",\"position\":1,\"name\":\"Accueil\",\"item\":\"https:\\\/\\\/www.blz-company.ch\\\/\"},{\"@type\":\"ListItem\",\"position\":2,\"name\":\"Shop\",\"item\":\"https:\\\/\\\/www.blz-company.ch\\\/de\\\/blz-shop\\\/\"},{\"@type\":\"ListItem\",\"position\":3,\"name\":\"JURASSIC BARLEY\"}]},{\"@type\":\"WebSite\",\"@id\":\"https:\\\/\\\/www.blz-company.ch\\\/#website\",\"url\":\"https:\\\/\\\/www.blz-company.ch\\\/\",\"name\":\"blz-company.ch \u2013 Brasserie BLZ-Company\",\"description\":\"\",\"publisher\":{\"@id\":\"https:\\\/\\\/www.blz-company.ch\\\/#organization\"},\"potentialAction\":[{\"@type\":\"SearchAction\",\"target\":{\"@type\":\"EntryPoint\",\"urlTemplate\":\"https:\\\/\\\/www.blz-company.ch\\\/?s={search_term_string}\"},\"query-input\":{\"@type\":\"PropertyValueSpecification\",\"valueRequired\":true,\"valueName\":\"search_term_string\"}}],\"inLanguage\":\"de\"},{\"@type\":\"Organization\",\"@id\":\"https:\\\/\\\/www.blz-company.ch\\\/#organization\",\"name\":\"blz-company.ch \u2013 Brasserie BLZ-Company\",\"url\":\"https:\\\/\\\/www.blz-company.ch\\\/\",\"logo\":{\"@type\":\"ImageObject\",\"inLanguage\":\"de\",\"@id\":\"https:\\\/\\\/www.blz-company.ch\\\/#\\\/schema\\\/logo\\\/image\\\/\",\"url\":\"https:\\\/\\\/www.blz-company.ch\\\/wp-content\\\/uploads\\\/2022\\\/10\\\/cropped-BLZ-LOGO.png\",\"contentUrl\":\"https:\\\/\\\/www.blz-company.ch\\\/wp-content\\\/uploads\\\/2022\\\/10\\\/cropped-BLZ-LOGO.png\",\"width\":1500,\"height\":1295,\"caption\":\"blz-company.ch \u2013 Brasserie BLZ-Company\"},\"image\":{\"@id\":\"https:\\\/\\\/www.blz-company.ch\\\/#\\\/schema\\\/logo\\\/image\\\/\"},\"sameAs\":[\"https:\\\/\\\/www.facebook.com\\\/blzcompany\",\"https:\\\/\\\/www.instagram.com\\\/blz_company\\\/\"]}]}<\/script>\n<!-- \/ Yoast SEO plugin. -->","yoast_head_json":{"title":"JURASSIC BARLEY - blz-company.ch \u2013 Brasserie BLZ-Company","robots":{"index":"index","follow":"follow","max-snippet":"max-snippet:-1","max-image-preview":"max-image-preview:large","max-video-preview":"max-video-preview:-1"},"canonical":"https:\/\/www.blz-company.ch\/de\/produit\/jurassic-barley\/","og_locale":"de_DE","og_type":"article","og_title":"JURASSIC BARLEY - blz-company.ch \u2013 Brasserie BLZ-Company","og_description":"Quellwasser, Malz aus unserer M\u00e4lzerei in Del\u00e9mont, Schweizer Hopfen; nur gute Dinge. Ein leichtes Blondes mit Getreide- und Honigaromen, das Sie auf gr\u00fcne Weiden entf\u00fchrt.  .","og_url":"https:\/\/www.blz-company.ch\/de\/produit\/jurassic-barley\/","og_site_name":"blz-company.ch \u2013 Brasserie BLZ-Company","article_publisher":"https:\/\/www.facebook.com\/blzcompany","og_image":[{"width":1000,"height":1000,"url":"https:\/\/www.blz-company.ch\/wp-content\/uploads\/2022\/08\/jurassic-2.png","type":"image\/png"}],"twitter_card":"summary_large_image","schema":{"@context":"https:\/\/schema.org","@graph":[{"@type":"WebPage","@id":"https:\/\/www.blz-company.ch\/de\/produit\/jurassic-barley\/","url":"https:\/\/www.blz-company.ch\/de\/produit\/jurassic-barley\/","name":"JURASSIC BARLEY - blz-company.ch \u2013 Brasserie BLZ-Company","isPartOf":{"@id":"https:\/\/www.blz-company.ch\/#website"},"primaryImageOfPage":{"@id":"https:\/\/www.blz-company.ch\/de\/produit\/jurassic-barley\/#primaryimage"},"image":{"@id":"https:\/\/www.blz-company.ch\/de\/produit\/jurassic-barley\/#primaryimage"},"thumbnailUrl":"https:\/\/www.blz-company.ch\/wp-content\/uploads\/2022\/08\/jurassic-2.png","datePublished":"2022-08-23T19:02:27+00:00","breadcrumb":{"@id":"https:\/\/www.blz-company.ch\/de\/produit\/jurassic-barley\/#breadcrumb"},"inLanguage":"de","potentialAction":[{"@type":"ReadAction","target":["https:\/\/www.blz-company.ch\/de\/produit\/jurassic-barley\/"]}]},{"@type":"ImageObject","inLanguage":"de","@id":"https:\/\/www.blz-company.ch\/de\/produit\/jurassic-barley\/#primaryimage","url":"https:\/\/www.blz-company.ch\/wp-content\/uploads\/2022\/08\/jurassic-2.png","contentUrl":"https:\/\/www.blz-company.ch\/wp-content\/uploads\/2022\/08\/jurassic-2.png","width":1000,"height":1000},{"@type":"BreadcrumbList","@id":"https:\/\/www.blz-company.ch\/de\/produit\/jurassic-barley\/#breadcrumb","itemListElement":[{"@type":"ListItem","position":1,"name":"Accueil","item":"https:\/\/www.blz-company.ch\/"},{"@type":"ListItem","position":2,"name":"Shop","item":"https:\/\/www.blz-company.ch\/de\/blz-shop\/"},{"@type":"ListItem","position":3,"name":"JURASSIC BARLEY"}]},{"@type":"WebSite","@id":"https:\/\/www.blz-company.ch\/#website","url":"https:\/\/www.blz-company.ch\/","name":"blz-company.ch \u2013 Brasserie BLZ-Company","description":"","publisher":{"@id":"https:\/\/www.blz-company.ch\/#organization"},"potentialAction":[{"@type":"SearchAction","target":{"@type":"EntryPoint","urlTemplate":"https:\/\/www.blz-company.ch\/?s={search_term_string}"},"query-input":{"@type":"PropertyValueSpecification","valueRequired":true,"valueName":"search_term_string"}}],"inLanguage":"de"},{"@type":"Organization","@id":"https:\/\/www.blz-company.ch\/#organization","name":"blz-company.ch \u2013 Brasserie BLZ-Company","url":"https:\/\/www.blz-company.ch\/","logo":{"@type":"ImageObject","inLanguage":"de","@id":"https:\/\/www.blz-company.ch\/#\/schema\/logo\/image\/","url":"https:\/\/www.blz-company.ch\/wp-content\/uploads\/2022\/10\/cropped-BLZ-LOGO.png","contentUrl":"https:\/\/www.blz-company.ch\/wp-content\/uploads\/2022\/10\/cropped-BLZ-LOGO.png","width":1500,"height":1295,"caption":"blz-company.ch \u2013 Brasserie BLZ-Company"},"image":{"@id":"https:\/\/www.blz-company.ch\/#\/schema\/logo\/image\/"},"sameAs":["https:\/\/www.facebook.com\/blzcompany","https:\/\/www.instagram.com\/blz_company\/"]}]}},"_links":{"self":[{"href":"https:\/\/www.blz-company.ch\/de\/wp-json\/wp\/v2\/product\/1953","targetHints":{"allow":["GET"]}}],"collection":[{"href":"https:\/\/www.blz-company.ch\/de\/wp-json\/wp\/v2\/product"}],"about":[{"href":"https:\/\/www.blz-company.ch\/de\/wp-json\/wp\/v2\/types\/product"}],"wp:featuredmedia":[{"embeddable":true,"href":"https:\/\/www.blz-company.ch\/de\/wp-json\/wp\/v2\/media\/1638"}],"wp:attachment":[{"href":"https:\/\/www.blz-company.ch\/de\/wp-json\/wp\/v2\/media?parent=1953"}],"wp:term":[{"taxonomy":"product_brand","embeddable":true,"href":"https:\/\/www.blz-company.ch\/de\/wp-json\/wp\/v2\/product_brand?post=1953"},{"taxonomy":"product_cat","embeddable":true,"href":"https:\/\/www.blz-company.ch\/de\/wp-json\/wp\/v2\/product_cat?post=1953"},{"taxonomy":"product_tag","embeddable":true,"href":"https:\/\/www.blz-company.ch\/de\/wp-json\/wp\/v2\/product_tag?post=1953"}],"curies":[{"name":"wp","href":"https:\/\/api.w.org\/{rel}","templated":true}]}}