{"id":3007,"date":"2024-12-20T16:48:44","date_gmt":"2024-12-20T15:48:44","guid":{"rendered":"https:\/\/www.blz-company.ch\/?post_type=product&#038;p=3007"},"modified":"2025-07-09T16:41:50","modified_gmt":"2025-07-09T14:41:50","slug":"bro-ii-copie-copie-2","status":"publish","type":"product","link":"https:\/\/www.blz-company.ch\/de\/produkt\/bro-ii-copie-copie-2\/","title":{"rendered":"BRO V"},"content":{"rendered":"<p>BRO V \u2013 Ein k\u00f6stliches Pastry Brown Ale, gebraut mit Kastanien und Vanille. Ein fl\u00fcssiges Dessert, mild und wohltuend, ideal f\u00fcr die k\u00fchle Jahreszeit.<\/p>\n","protected":false},"excerpt":{"rendered":"<p>BRO V \u2013 Ein k\u00f6stliches Pastry Brown Ale, gebraut mit Kastanien und Vanille. Ein fl\u00fcssiges Dessert, mild und wohltuend, ideal f\u00fcr die k\u00fchle Jahreszeit.<\/p>\n","protected":false},"featured_media":3011,"template":"","meta":{"_acf_changed":false},"product_brand":[],"product_cat":[80,79],"product_tag":[],"class_list":{"0":"post-3007","1":"product","2":"type-product","3":"status-publish","4":"has-post-thumbnail","6":"product_cat-biere","7":"product_cat-bro-de","9":"first","10":"outofstock","11":"taxable","12":"shipping-taxable","13":"purchasable","14":"product-type-simple"},"acf":[],"yoast_head":"<!-- This site is optimized with the Yoast SEO plugin v27.5 - https:\/\/yoast.com\/product\/yoast-seo-wordpress\/ -->\n<title>BRO V - blz-company.ch \u2013 Brasserie BLZ-Company<\/title>\n<meta name=\"robots\" content=\"index, follow, max-snippet:-1, max-image-preview:large, max-video-preview:-1\" \/>\n<link rel=\"canonical\" href=\"https:\/\/www.blz-company.ch\/de\/produkt\/bro-ii-copie-copie-2\/\" \/>\n<meta property=\"og:locale\" content=\"de_DE\" \/>\n<meta property=\"og:type\" content=\"article\" \/>\n<meta property=\"og:title\" content=\"BRO V - blz-company.ch \u2013 Brasserie BLZ-Company\" \/>\n<meta property=\"og:description\" content=\"BRO V \u2013 Ein k\u00f6stliches Pastry Brown Ale, gebraut mit Kastanien und Vanille. Ein fl\u00fcssiges Dessert, mild und wohltuend, ideal f\u00fcr die k\u00fchle Jahreszeit.\" \/>\n<meta property=\"og:url\" content=\"https:\/\/www.blz-company.ch\/de\/produkt\/bro-ii-copie-copie-2\/\" \/>\n<meta property=\"og:site_name\" content=\"blz-company.ch \u2013 Brasserie BLZ-Company\" \/>\n<meta property=\"article:publisher\" content=\"https:\/\/www.facebook.com\/blzcompany\" \/>\n<meta property=\"article:modified_time\" content=\"2025-07-09T14:41:50+00:00\" \/>\n<meta property=\"og:image\" content=\"https:\/\/www.blz-company.ch\/wp-content\/uploads\/2024\/12\/Mockup-Bouteilles-BLZ-BRO-V2.png\" \/>\n\t<meta property=\"og:image:width\" content=\"1818\" \/>\n\t<meta property=\"og:image:height\" content=\"2500\" \/>\n\t<meta property=\"og:image:type\" content=\"image\/png\" \/>\n<meta name=\"twitter:card\" content=\"summary_large_image\" \/>\n<script type=\"application\/ld+json\" class=\"yoast-schema-graph\">{\"@context\":\"https:\\\/\\\/schema.org\",\"@graph\":[{\"@type\":\"WebPage\",\"@id\":\"https:\\\/\\\/www.blz-company.ch\\\/de\\\/produkt\\\/bro-ii-copie-copie-2\\\/\",\"url\":\"https:\\\/\\\/www.blz-company.ch\\\/de\\\/produkt\\\/bro-ii-copie-copie-2\\\/\",\"name\":\"BRO V - blz-company.ch \u2013 Brasserie BLZ-Company\",\"isPartOf\":{\"@id\":\"https:\\\/\\\/www.blz-company.ch\\\/#website\"},\"primaryImageOfPage\":{\"@id\":\"https:\\\/\\\/www.blz-company.ch\\\/de\\\/produkt\\\/bro-ii-copie-copie-2\\\/#primaryimage\"},\"image\":{\"@id\":\"https:\\\/\\\/www.blz-company.ch\\\/de\\\/produkt\\\/bro-ii-copie-copie-2\\\/#primaryimage\"},\"thumbnailUrl\":\"https:\\\/\\\/www.blz-company.ch\\\/wp-content\\\/uploads\\\/2024\\\/12\\\/Mockup-Bouteilles-BLZ-BRO-V2.png\",\"datePublished\":\"2024-12-20T15:48:44+00:00\",\"dateModified\":\"2025-07-09T14:41:50+00:00\",\"breadcrumb\":{\"@id\":\"https:\\\/\\\/www.blz-company.ch\\\/de\\\/produkt\\\/bro-ii-copie-copie-2\\\/#breadcrumb\"},\"inLanguage\":\"de\",\"potentialAction\":[{\"@type\":\"ReadAction\",\"target\":[\"https:\\\/\\\/www.blz-company.ch\\\/de\\\/produkt\\\/bro-ii-copie-copie-2\\\/\"]}]},{\"@type\":\"ImageObject\",\"inLanguage\":\"de\",\"@id\":\"https:\\\/\\\/www.blz-company.ch\\\/de\\\/produkt\\\/bro-ii-copie-copie-2\\\/#primaryimage\",\"url\":\"https:\\\/\\\/www.blz-company.ch\\\/wp-content\\\/uploads\\\/2024\\\/12\\\/Mockup-Bouteilles-BLZ-BRO-V2.png\",\"contentUrl\":\"https:\\\/\\\/www.blz-company.ch\\\/wp-content\\\/uploads\\\/2024\\\/12\\\/Mockup-Bouteilles-BLZ-BRO-V2.png\",\"width\":1818,\"height\":2500},{\"@type\":\"BreadcrumbList\",\"@id\":\"https:\\\/\\\/www.blz-company.ch\\\/de\\\/produkt\\\/bro-ii-copie-copie-2\\\/#breadcrumb\",\"itemListElement\":[{\"@type\":\"ListItem\",\"position\":1,\"name\":\"Accueil\",\"item\":\"https:\\\/\\\/www.blz-company.ch\\\/\"},{\"@type\":\"ListItem\",\"position\":2,\"name\":\"Shop\",\"item\":\"https:\\\/\\\/www.blz-company.ch\\\/de\\\/blz-shop\\\/\"},{\"@type\":\"ListItem\",\"position\":3,\"name\":\"BRO V\"}]},{\"@type\":\"WebSite\",\"@id\":\"https:\\\/\\\/www.blz-company.ch\\\/#website\",\"url\":\"https:\\\/\\\/www.blz-company.ch\\\/\",\"name\":\"blz-company.ch \u2013 Brasserie BLZ-Company\",\"description\":\"\",\"publisher\":{\"@id\":\"https:\\\/\\\/www.blz-company.ch\\\/#organization\"},\"potentialAction\":[{\"@type\":\"SearchAction\",\"target\":{\"@type\":\"EntryPoint\",\"urlTemplate\":\"https:\\\/\\\/www.blz-company.ch\\\/?s={search_term_string}\"},\"query-input\":{\"@type\":\"PropertyValueSpecification\",\"valueRequired\":true,\"valueName\":\"search_term_string\"}}],\"inLanguage\":\"de\"},{\"@type\":\"Organization\",\"@id\":\"https:\\\/\\\/www.blz-company.ch\\\/#organization\",\"name\":\"blz-company.ch \u2013 Brasserie BLZ-Company\",\"url\":\"https:\\\/\\\/www.blz-company.ch\\\/\",\"logo\":{\"@type\":\"ImageObject\",\"inLanguage\":\"de\",\"@id\":\"https:\\\/\\\/www.blz-company.ch\\\/#\\\/schema\\\/logo\\\/image\\\/\",\"url\":\"https:\\\/\\\/www.blz-company.ch\\\/wp-content\\\/uploads\\\/2022\\\/10\\\/cropped-BLZ-LOGO.png\",\"contentUrl\":\"https:\\\/\\\/www.blz-company.ch\\\/wp-content\\\/uploads\\\/2022\\\/10\\\/cropped-BLZ-LOGO.png\",\"width\":1500,\"height\":1295,\"caption\":\"blz-company.ch \u2013 Brasserie BLZ-Company\"},\"image\":{\"@id\":\"https:\\\/\\\/www.blz-company.ch\\\/#\\\/schema\\\/logo\\\/image\\\/\"},\"sameAs\":[\"https:\\\/\\\/www.facebook.com\\\/blzcompany\",\"https:\\\/\\\/www.instagram.com\\\/blz_company\\\/\"]}]}<\/script>\n<!-- \/ Yoast SEO plugin. -->","yoast_head_json":{"title":"BRO V - blz-company.ch \u2013 Brasserie BLZ-Company","robots":{"index":"index","follow":"follow","max-snippet":"max-snippet:-1","max-image-preview":"max-image-preview:large","max-video-preview":"max-video-preview:-1"},"canonical":"https:\/\/www.blz-company.ch\/de\/produkt\/bro-ii-copie-copie-2\/","og_locale":"de_DE","og_type":"article","og_title":"BRO V - blz-company.ch \u2013 Brasserie BLZ-Company","og_description":"BRO V \u2013 Ein k\u00f6stliches Pastry Brown Ale, gebraut mit Kastanien und Vanille. Ein fl\u00fcssiges Dessert, mild und wohltuend, ideal f\u00fcr die k\u00fchle Jahreszeit.","og_url":"https:\/\/www.blz-company.ch\/de\/produkt\/bro-ii-copie-copie-2\/","og_site_name":"blz-company.ch \u2013 Brasserie BLZ-Company","article_publisher":"https:\/\/www.facebook.com\/blzcompany","article_modified_time":"2025-07-09T14:41:50+00:00","og_image":[{"width":1818,"height":2500,"url":"https:\/\/www.blz-company.ch\/wp-content\/uploads\/2024\/12\/Mockup-Bouteilles-BLZ-BRO-V2.png","type":"image\/png"}],"twitter_card":"summary_large_image","schema":{"@context":"https:\/\/schema.org","@graph":[{"@type":"WebPage","@id":"https:\/\/www.blz-company.ch\/de\/produkt\/bro-ii-copie-copie-2\/","url":"https:\/\/www.blz-company.ch\/de\/produkt\/bro-ii-copie-copie-2\/","name":"BRO V - blz-company.ch \u2013 Brasserie BLZ-Company","isPartOf":{"@id":"https:\/\/www.blz-company.ch\/#website"},"primaryImageOfPage":{"@id":"https:\/\/www.blz-company.ch\/de\/produkt\/bro-ii-copie-copie-2\/#primaryimage"},"image":{"@id":"https:\/\/www.blz-company.ch\/de\/produkt\/bro-ii-copie-copie-2\/#primaryimage"},"thumbnailUrl":"https:\/\/www.blz-company.ch\/wp-content\/uploads\/2024\/12\/Mockup-Bouteilles-BLZ-BRO-V2.png","datePublished":"2024-12-20T15:48:44+00:00","dateModified":"2025-07-09T14:41:50+00:00","breadcrumb":{"@id":"https:\/\/www.blz-company.ch\/de\/produkt\/bro-ii-copie-copie-2\/#breadcrumb"},"inLanguage":"de","potentialAction":[{"@type":"ReadAction","target":["https:\/\/www.blz-company.ch\/de\/produkt\/bro-ii-copie-copie-2\/"]}]},{"@type":"ImageObject","inLanguage":"de","@id":"https:\/\/www.blz-company.ch\/de\/produkt\/bro-ii-copie-copie-2\/#primaryimage","url":"https:\/\/www.blz-company.ch\/wp-content\/uploads\/2024\/12\/Mockup-Bouteilles-BLZ-BRO-V2.png","contentUrl":"https:\/\/www.blz-company.ch\/wp-content\/uploads\/2024\/12\/Mockup-Bouteilles-BLZ-BRO-V2.png","width":1818,"height":2500},{"@type":"BreadcrumbList","@id":"https:\/\/www.blz-company.ch\/de\/produkt\/bro-ii-copie-copie-2\/#breadcrumb","itemListElement":[{"@type":"ListItem","position":1,"name":"Accueil","item":"https:\/\/www.blz-company.ch\/"},{"@type":"ListItem","position":2,"name":"Shop","item":"https:\/\/www.blz-company.ch\/de\/blz-shop\/"},{"@type":"ListItem","position":3,"name":"BRO V"}]},{"@type":"WebSite","@id":"https:\/\/www.blz-company.ch\/#website","url":"https:\/\/www.blz-company.ch\/","name":"blz-company.ch \u2013 Brasserie BLZ-Company","description":"","publisher":{"@id":"https:\/\/www.blz-company.ch\/#organization"},"potentialAction":[{"@type":"SearchAction","target":{"@type":"EntryPoint","urlTemplate":"https:\/\/www.blz-company.ch\/?s={search_term_string}"},"query-input":{"@type":"PropertyValueSpecification","valueRequired":true,"valueName":"search_term_string"}}],"inLanguage":"de"},{"@type":"Organization","@id":"https:\/\/www.blz-company.ch\/#organization","name":"blz-company.ch \u2013 Brasserie BLZ-Company","url":"https:\/\/www.blz-company.ch\/","logo":{"@type":"ImageObject","inLanguage":"de","@id":"https:\/\/www.blz-company.ch\/#\/schema\/logo\/image\/","url":"https:\/\/www.blz-company.ch\/wp-content\/uploads\/2022\/10\/cropped-BLZ-LOGO.png","contentUrl":"https:\/\/www.blz-company.ch\/wp-content\/uploads\/2022\/10\/cropped-BLZ-LOGO.png","width":1500,"height":1295,"caption":"blz-company.ch \u2013 Brasserie BLZ-Company"},"image":{"@id":"https:\/\/www.blz-company.ch\/#\/schema\/logo\/image\/"},"sameAs":["https:\/\/www.facebook.com\/blzcompany","https:\/\/www.instagram.com\/blz_company\/"]}]}},"_links":{"self":[{"href":"https:\/\/www.blz-company.ch\/de\/wp-json\/wp\/v2\/product\/3007","targetHints":{"allow":["GET"]}}],"collection":[{"href":"https:\/\/www.blz-company.ch\/de\/wp-json\/wp\/v2\/product"}],"about":[{"href":"https:\/\/www.blz-company.ch\/de\/wp-json\/wp\/v2\/types\/product"}],"wp:featuredmedia":[{"embeddable":true,"href":"https:\/\/www.blz-company.ch\/de\/wp-json\/wp\/v2\/media\/3011"}],"wp:attachment":[{"href":"https:\/\/www.blz-company.ch\/de\/wp-json\/wp\/v2\/media?parent=3007"}],"wp:term":[{"taxonomy":"product_brand","embeddable":true,"href":"https:\/\/www.blz-company.ch\/de\/wp-json\/wp\/v2\/product_brand?post=3007"},{"taxonomy":"product_cat","embeddable":true,"href":"https:\/\/www.blz-company.ch\/de\/wp-json\/wp\/v2\/product_cat?post=3007"},{"taxonomy":"product_tag","embeddable":true,"href":"https:\/\/www.blz-company.ch\/de\/wp-json\/wp\/v2\/product_tag?post=3007"}],"curies":[{"name":"wp","href":"https:\/\/api.w.org\/{rel}","templated":true}]}}